{"id":78,"date":"2025-10-17T12:38:55","date_gmt":"2025-10-17T10:38:55","guid":{"rendered":"http:\/\/localhost\/nueva\/?page_id=78"},"modified":"2025-10-17T12:43:20","modified_gmt":"2025-10-17T10:43:20","slug":"curso-de-wordpress-en-barcelona","status":"publish","type":"page","link":"http:\/\/www.creativemouse.es\/cursos-barcelona\/wordpress-basico\/","title":{"rendered":"Curso de WordPress<span class=\"no\"> en Barcelona<\/span>"},"content":{"rendered":"\n<h2 class=\"wp-block-heading\">Crea f\u00e1cilmente sitios web profesionales<\/h2>\n\n\n\n<p>WordPress es un gestor de contenidos (CMS) que&nbsp;<strong>te permitir\u00e1 crear sitios web profesionales de manera sencilla<\/strong>. Podr\u00e1s elegir plantillas con dise\u00f1os muy atractivos y personalizarlas. Adem\u00e1s, tendr\u00e1s la posibilidad de&nbsp;<strong>insertar elementos que aporten gran funcionalidad a tu sitio web<\/strong>. El curso te dar\u00e1 a conocer d\u00f3nde y c\u00f3mo comprar dominios, adem\u00e1s de proporcionarte los criterios de selecci\u00f3n de un hosting.<\/p>\n\n\n\n<p>Tambi\u00e9n podr\u00e1s conocer las acciones orientadas al&nbsp;<strong>posicionamiento de tu sitio web en buscadores<\/strong>. Durante el curso utilizaremos&nbsp;<strong>Google<\/strong>&nbsp;como buscador de referencia.<\/p>\n\n\n\n<h3 class=\"wp-block-heading\">Destinatarios<\/h3>\n\n\n\n<p><strong>Cualquier persona<\/strong>&nbsp;que quiera realizar un sitio<strong>&nbsp;web<\/strong>.<\/p>\n\n\n\n<h3 class=\"wp-block-heading\">Requisitos previos<\/h3>\n\n\n\n<p>Para afrontar el curso con garant\u00edas, basta con poseer&nbsp;<strong>conocimientos a nivel usuario de cualquier sistema operativo<\/strong>.<\/p>\n\n\n\n<h3 class=\"wp-block-heading\">Fechas, horarios y precio<\/h3>\n\n\n\n<p>Fechas a determinar.<\/p>\n\n\n\n<p><strong><strong><strong>10 horas &#8211; 90 \u20ac<\/strong><\/strong><\/strong><\/p>\n\n\n\n<p><strong>Bonificable hasta el 100%<\/strong> de su precio para trabajadores por cuenta ajena.<\/p>\n\n\n\n<p>Escribe al profesor del curso de WordPress mediante el formulario de contacto de esta p\u00e1gina o a trav\u00e9s del correo electr\u00f3nico <a href=\"mailto:info@creativemouse.es\">info@creativemouse.es<\/a> para informarte con m\u00e1s detalle.<\/p>\n\n\n\n<p>Si quieres reservar plaza, tienes que rellenar el formulario de contacto de esta p\u00e1gina o enviarnos un correo electr\u00f3nico a <a href=\"mailto:reserva@creativemouse.es\">reserva@creativemouse.es<\/a> indic\u00e1ndonos el nombre del curso. Te contestaremos con la confirmaci\u00f3n de la plaza y los pasos que debes seguir para hacer efectiva la matr\u00edcula.<\/p>\n\n\n\n<p>Creative Mouse se reserva el derecho de cancelar cualquier curso por causas imprevistas. En ese caso avisaremos a los alumnos apuntados y devolveremos el importe abonado.<\/p>\n\n\n\n<h3 class=\"wp-block-heading\">Lugar de impartici\u00f3n<\/h3>\n\n\n\n<iframe src=\"https:\/\/www.google.com\/maps\/embed?pb=!1m14!1m8!1m3!1d2993.407222497928!2d2.121774148132305!3d41.386961950567475!3m2!1i1024!2i768!4f13.1!3m3!1m2!1s0x12a4985ddea93bc3%3A0x540b5bf75e2f0215!2sAv.%20Diagonal%2C%20635%2C%20Distrito%20de%20Les%20Corts%2C%2008028%20Barcelona!5e0!3m2!1ses!2ses!4v1760697588205!5m2!1ses!2ses\" width=\"600\" height=\"450\" style=\"border:0;\" allowfullscreen=\"\" loading=\"lazy\" referrerpolicy=\"no-referrer-when-downgrade\"><\/iframe>\n\n\n\n<p><strong>Avda. Diagonal, 635<\/strong>\u00a0de Barcelona.<br><strong>Metro<\/strong>: Mar\u00eda Cristina<\/p>\n\n\n\n<h3 class=\"wp-block-heading\">Profesor<\/h3>\n\n\n\n<p><strong>Abraham Ruiz<\/strong>, profesor de SEO y WordPress en la Asociaci\u00f3n de la Prensa de Madrid y director del curso Marketing online, SEO y creaci\u00f3n web con WordPress en la Escuela de Organizaci\u00f3n Industrial.<br><br><a href=\"https:\/\/www.linkedin.com\/in\/abrahamruiz\/\" target=\"_blank\" rel=\"noreferrer noopener\"><strong>Ver curr\u00edculum<\/strong><\/a><\/p>\n\n\n\n<p><a href=\"https:\/\/www.linkedin.com\/in\/abrahamruiz\/\" target=\"_blank\" rel=\"noreferrer noopener\">\u201cAbraham fue mi profesor en un curso de WordPress. Me pareci\u00f3 muy claro en sus explicaciones y muy accesible para consultarle cualquier duda. Consigue comprimir en poco tiempo lo m\u00e1s importante de los contenidos que va a dar. Se adapta a los diferentes niveles de los alumnos del aula. No s\u00f3lo explica la teor\u00eda sino que nos dio consejos y recomendaciones a la hora de trabajar en adelante con la herramienta. Adem\u00e1s de exponer los contenidos del curso, tambi\u00e9n nos aport\u00f3 otros conocimientos valiosos como por ejemplo de posicionamiento SEO&#8230;\u00bb<br><strong>Ana Sanz, antigua alumna de Abraham Ruiz<\/strong>.<br><br>\u00abHe realizado el curso de WordPress y decid\u00ed hacerlo porque necesitaba aclarar muchos conceptos y dudas sobre este CMS.&nbsp;Y encontr\u00e9 exactamente lo que estaba buscando, un curso express, con informaci\u00f3n muy valiosa, un profesor con muchas ganas de compartir sus amplios conocimientos de un car\u00e1cter alegre y divertido, que hace que todo el temario sea ameno e interesante.&nbsp;Yo he quedado muy satisfecha\u00bb.<br><strong>Rut Jim\u00e9nez Fonseca, antigua alumna de Abraham Ruiz<\/strong>.<br><br>\u00abAsist\u00ed al Curso de Worpress de Creative Mouse impartido por Abraham Ruiz. Un intensivo \u00fatil&#8230; no es tan sencillo!! Se va uno de all\u00ed con una buena cantidad de datos y una idea bastante clara de las secciones generales de WordPress y su funcionamiento + consejos \u00fatiles al margen de lo que podr\u00eda considerarse habitual. Buena informaci\u00f3n, en calidad y cantidad, desarrollada a buen ritmo en las dos sesiones. No es el t\u00edpico intensivo que te fr\u00ede la cabeza y te deja con la sensaci\u00f3n de no poder asimilar y aplicar lo aprendido. Al contrario. Te \u00ababre el apetito\u00bb de empezar a trastear con el CMS. A mi parecer, un dinero bien invertido\u00bb.<br><strong>Federico Prieto, antiguo alumno de Abraham Ruiz<\/strong>.<\/a><\/p>\n\n\n\n<p><a href=\"https:\/\/www.linkedin.com\/in\/abrahamruiz\/\" target=\"_blank\" rel=\"noreferrer noopener\"><strong>Ver m\u00e1s de 200 opiniones de exalumnos &gt;<\/strong><\/a><\/p>\n\n\n\n<h3 class=\"wp-block-heading\">Contenidos<\/h3>\n\n\n\n<ol class=\"wp-block-list\">\n<li>Dominio y hosting. Instalaci\u00f3n de WordPress.\n<ul class=\"wp-block-list\">\n<li>Introducci\u00f3n a los sistemas de gesti\u00f3n de contenidos. Caracter\u00edsticas de los lenguajes que componen un sitio web.<\/li>\n\n\n\n<li>Criterios para la elecci\u00f3n de un dominio. D\u00f3nde y c\u00f3mo comprarlo.<\/li>\n\n\n\n<li>Selecci\u00f3n del hosting. Caracter\u00edsticas y servicios.<\/li>\n\n\n\n<li>Instalaci\u00f3n y configuraci\u00f3n de WordPress.<\/li>\n\n\n\n<li><strong>NOTA:<\/strong>&nbsp;no es necesario comprar un dominio y un hosting. Todos los ejercicios del curso se realizar\u00e1n en los ordenadores del aula.<\/li>\n<\/ul>\n<\/li>\n\n\n\n<li>WordPress.\n<ul class=\"wp-block-list\">\n<li>Gesti\u00f3n de usuarios y edici\u00f3n de perfiles.<\/li>\n\n\n\n<li>Estructura de los contenidos: p\u00e1ginas, entradas, etiquetas, categor\u00edas&#8230;<\/li>\n\n\n\n<li>Creaci\u00f3n de enlaces.<\/li>\n\n\n\n<li>Uso de plugins.<\/li>\n\n\n\n<li>Integraci\u00f3n de Google Analytics en tu website<\/li>\n\n\n\n<li>Inserci\u00f3n de im\u00e1genes y galer\u00edas de im\u00e1genes con Fancybox.<\/li>\n\n\n\n<li>Elaboraci\u00f3n de men\u00fas. Navegabilidad del sitio web.<\/li>\n\n\n\n<li>Inserci\u00f3n de formularios de contacto y registro.<\/li>\n\n\n\n<li>Inclusi\u00f3n de v\u00eddeos de Youtube, Vimeo o desde un disco duro en cualquier formato (avi, mov, wmv&#8230;).<\/li>\n\n\n\n<li>Inserci\u00f3n de Google Maps.<\/li>\n\n\n\n<li>Interacci\u00f3n entre el sitio web y las redes sociales<\/li>\n\n\n\n<li>Inserci\u00f3n de PDFs y publicaciones electr\u00f3nicas a trav\u00e9s de Issuu.<\/li>\n\n\n\n<li>Descarga e instalaci\u00f3n de plantillas.<\/li>\n\n\n\n<li>Personalizaci\u00f3n de plantillas.<\/li>\n<\/ul>\n<\/li>\n\n\n\n<li>Posicionamiento web con WordPress para la indexaci\u00f3n en Google y otros buscadores.\n<ul class=\"wp-block-list\">\n<li>T\u00edtulos de las p\u00e1ginas.<\/li>\n\n\n\n<li>Creaci\u00f3n de urls amigables.<\/li>\n\n\n\n<li>Inserci\u00f3n de etiquetas meta.<\/li>\n\n\n\n<li>Uso de etiquetas y atributos para v\u00ednculos e im\u00e1genes.<\/li>\n\n\n\n<li>Encabezados.<\/li>\n<\/ul>\n<\/li>\n<\/ol>\n\n\n\n<h3 class=\"wp-block-heading\">Certificado<\/h3>\n\n\n\n<p>Se entregar\u00e1 un certificado acreditativo el \u00faltimo d\u00eda de curso.<\/p>\n\n\n\n<p><\/p>\n","protected":false},"excerpt":{"rendered":"<p>Crea f\u00e1cilmente sitios web profesionales WordPress es un gestor de contenidos (CMS) que&nbsp;te permitir\u00e1 crear sitios web profesionales de manera sencilla. Podr\u00e1s elegir plantillas con dise\u00f1os muy atractivos y personalizarlas. Adem\u00e1s, tendr\u00e1s la posibilidad de&nbsp;insertar elementos que aporten gran funcionalidad a tu sitio web. El curso te dar\u00e1 a conocer d\u00f3nde y c\u00f3mo comprar dominios, [&hellip;]<\/p>\n","protected":false},"author":1,"featured_media":0,"parent":0,"menu_order":0,"comment_status":"closed","ping_status":"closed","template":"","meta":{"footnotes":""},"class_list":["post-78","page","type-page","status-publish","hentry","entry"],"yoast_head":"<title>Curso de Wordpress en Barcelona - Curso presencial de Wordpress en Barcelona, curso b\u00e1sico presencial de Wordpress en Barcelona<\/title>\n<meta name=\"description\" content=\"Curso de Wordpress en Barcelona - Curso presencial de Wordpress en Barcelona, curso b\u00e1sico presencial de Wordpress en Barcelona\" \/><meta name=\"Curso de Wordpress en Barcelona - Curso presencial de Wordpress en Barcelona, curso b\u00e1sico presencial de Wordpress en Barcelona\" content=\"Curso de Wordpress en Barcelona - Curso presencial de Wordpress en Barcelona, curso b\u00e1sico presencial de Wordpress en Barcelona\" \/><meta name=\"title\" content=\"Curso de Wordpress en Barcelona - Curso presencial de Wordpress en Barcelona, curso b\u00e1sico presencial de Wordpress en Barcelona\" \/><meta name=\"DC.Title\" content=\"Curso de Wordpress en Barcelona - Curso presencial de Wordpress en Barcelona, curso b\u00e1sico presencial de Wordpress en Barcelona\" \/><meta http-equiv=\"title\" content=\"Curso de Wordpress en Barcelona - Curso presencial de Wordpress en Barcelona, curso b\u00e1sico presencial de Wordpress en Barcelona\" \/><meta http-equiv=\"description\" content=\"Curso de Wordpress en Barcelona - Curso presencial de Wordpress en Barcelona, curso b\u00e1sico presencial de Wordpress en Barcelona\" \/><meta http-equiv=\"DC.Description\" content=\"Curso de Wordpress en Barcelona - Curso presencial de Wordpress en Barcelona, curso b\u00e1sico presencial de Wordpress en Barcelona\" \/><meta name=\"keywords\" content=\"Curso de Wordpress en Barcelona - Curso presencial de Wordpress en Barcelona, curso b\u00e1sico presencial de Wordpress en Barcelona\" \/><meta http-equiv=\"keywords\" content=\"Curso de Wordpress en Barcelona - Curso presencial de Wordpress en Barcelona, curso b\u00e1sico presencial de Wordpress en Barcelona\" \/><meta name=\"classification\" content=\"Curso de Wordpress en Barcelona - Curso presencial de Wordpress en Barcelona, curso b\u00e1sico presencial de Wordpress en Barcelona\" \/>\n<meta name=\"robots\" content=\"index, follow, max-snippet:-1, max-image-preview:large, max-video-preview:-1\" \/>\n<link rel=\"canonical\" href=\"http:\/\/www.creativemouse.es\/cursos-barcelona\/wordpress-basico\/\" \/>\n<meta property=\"og:locale\" content=\"es_ES\" \/>\n<meta property=\"og:type\" content=\"article\" \/>\n<meta property=\"og:title\" content=\"Curso presencial de Wordpress en Barcelona\" \/>\n<meta property=\"og:description\" content=\"&quot;Aprender es como remar a contracorriente: cuando se deja, se retrocede&quot;\" \/>\n<meta property=\"og:url\" content=\"http:\/\/www.creativemouse.es\/cursos-barcelona\/wordpress-basico\/\" \/>\n<meta property=\"og:site_name\" content=\"Creative Mouse\" \/>\n<meta property=\"article:modified_time\" content=\"2025-10-17T10:43:20+00:00\" \/>\n<meta name=\"twitter:card\" content=\"summary_large_image\" \/><meta name=\"summary_large_image\" content=\"summary_large_image\" \/><meta name=\"title\" content=\"summary_large_image\" \/><meta name=\"DC.Title\" content=\"summary_large_image\" \/><meta http-equiv=\"title\" content=\"summary_large_image\" \/><meta http-equiv=\"description\" content=\"summary_large_image\" \/><meta http-equiv=\"DC.Description\" content=\"summary_large_image\" \/><meta name=\"keywords\" content=\"summary_large_image\" \/><meta http-equiv=\"keywords\" content=\"summary_large_image\" \/><meta name=\"classification\" content=\"summary_large_image\" \/>\n<meta name=\"twitter:label1\" content=\"Tiempo de lectura\" \/>\n\t<meta name=\"twitter:data1\" content=\"4 minutos\" \/>\n<script type=\"application\/ld+json\" class=\"yoast-schema-graph\">{\"@context\":\"https:\/\/schema.org\",\"@graph\":[{\"@type\":\"WebPage\",\"@id\":\"http:\/\/www.creativemouse.es\/cursos-barcelona\/wordpress-basico\/\",\"url\":\"http:\/\/www.creativemouse.es\/cursos-barcelona\/wordpress-basico\/\",\"name\":\"Curso de Wordpress en Barcelona - Curso presencial de Wordpress en Barcelona, curso b\u00e1sico presencial de Wordpress en Barcelona\",\"isPartOf\":{\"@id\":\"http:\/\/www.creativemouse.es\/#website\"},\"datePublished\":\"2025-10-17T10:38:55+00:00\",\"dateModified\":\"2025-10-17T10:43:20+00:00\",\"description\":\"Curso de Wordpress en Barcelona - Curso presencial de Wordpress en Barcelona, curso b\u00e1sico presencial de Wordpress en Barcelona\",\"breadcrumb\":{\"@id\":\"http:\/\/www.creativemouse.es\/cursos-barcelona\/wordpress-basico\/#breadcrumb\"},\"inLanguage\":\"es\",\"potentialAction\":[{\"@type\":\"ReadAction\",\"target\":[\"http:\/\/www.creativemouse.es\/cursos-barcelona\/wordpress-basico\/\"]}]},{\"@type\":\"BreadcrumbList\",\"@id\":\"http:\/\/www.creativemouse.es\/cursos-barcelona\/wordpress-basico\/#breadcrumb\",\"itemListElement\":[{\"@type\":\"ListItem\",\"position\":1,\"name\":\"Portada\",\"item\":\"http:\/\/www.creativemouse.es\/\"},{\"@type\":\"ListItem\",\"position\":2,\"name\":\"Curso de WordPress en Barcelona\"}]},{\"@type\":\"WebSite\",\"@id\":\"http:\/\/www.creativemouse.es\/#website\",\"url\":\"http:\/\/www.creativemouse.es\/\",\"name\":\"Creative Mouse\",\"description\":\"\",\"potentialAction\":[{\"@type\":\"SearchAction\",\"target\":{\"@type\":\"EntryPoint\",\"urlTemplate\":\"http:\/\/www.creativemouse.es\/?s={search_term_string}\"},\"query-input\":{\"@type\":\"PropertyValueSpecification\",\"valueRequired\":true,\"valueName\":\"search_term_string\"}}],\"inLanguage\":\"es\"}]}<\/script>\n<!-- \/ Yoast SEO plugin. -->","yoast_head_json":{"title":"Curso de Wordpress en Barcelona - Curso presencial de Wordpress en Barcelona, curso b\u00e1sico presencial de Wordpress en Barcelona","description":"Curso de Wordpress en Barcelona - Curso presencial de Wordpress en Barcelona, curso b\u00e1sico presencial de Wordpress en Barcelona","robots":{"index":"index","follow":"follow","max-snippet":"max-snippet:-1","max-image-preview":"max-image-preview:large","max-video-preview":"max-video-preview:-1"},"canonical":"http:\/\/www.creativemouse.es\/cursos-barcelona\/wordpress-basico\/","og_locale":"es_ES","og_type":"article","og_title":"Curso presencial de Wordpress en Barcelona","og_description":"\"Aprender es como remar a contracorriente: cuando se deja, se retrocede\"","og_url":"http:\/\/www.creativemouse.es\/cursos-barcelona\/wordpress-basico\/","og_site_name":"Creative Mouse","article_modified_time":"2025-10-17T10:43:20+00:00","twitter_card":"summary_large_image","twitter_misc":{"Tiempo de lectura":"4 minutos"},"schema":{"@context":"https:\/\/schema.org","@graph":[{"@type":"WebPage","@id":"http:\/\/www.creativemouse.es\/cursos-barcelona\/wordpress-basico\/","url":"http:\/\/www.creativemouse.es\/cursos-barcelona\/wordpress-basico\/","name":"Curso de Wordpress en Barcelona - Curso presencial de Wordpress en Barcelona, curso b\u00e1sico presencial de Wordpress en Barcelona","isPartOf":{"@id":"http:\/\/www.creativemouse.es\/#website"},"datePublished":"2025-10-17T10:38:55+00:00","dateModified":"2025-10-17T10:43:20+00:00","description":"Curso de Wordpress en Barcelona - Curso presencial de Wordpress en Barcelona, curso b\u00e1sico presencial de Wordpress en Barcelona","breadcrumb":{"@id":"http:\/\/www.creativemouse.es\/cursos-barcelona\/wordpress-basico\/#breadcrumb"},"inLanguage":"es","potentialAction":[{"@type":"ReadAction","target":["http:\/\/www.creativemouse.es\/cursos-barcelona\/wordpress-basico\/"]}]},{"@type":"BreadcrumbList","@id":"http:\/\/www.creativemouse.es\/cursos-barcelona\/wordpress-basico\/#breadcrumb","itemListElement":[{"@type":"ListItem","position":1,"name":"Portada","item":"http:\/\/www.creativemouse.es\/"},{"@type":"ListItem","position":2,"name":"Curso de WordPress en Barcelona"}]},{"@type":"WebSite","@id":"http:\/\/www.creativemouse.es\/#website","url":"http:\/\/www.creativemouse.es\/","name":"Creative Mouse","description":"","potentialAction":[{"@type":"SearchAction","target":{"@type":"EntryPoint","urlTemplate":"http:\/\/www.creativemouse.es\/?s={search_term_string}"},"query-input":{"@type":"PropertyValueSpecification","valueRequired":true,"valueName":"search_term_string"}}],"inLanguage":"es"}]}},"_links":{"self":[{"href":"http:\/\/www.creativemouse.es\/index.php\/wp-json\/wp\/v2\/pages\/78","targetHints":{"allow":["GET"]}}],"collection":[{"href":"http:\/\/www.creativemouse.es\/index.php\/wp-json\/wp\/v2\/pages"}],"about":[{"href":"http:\/\/www.creativemouse.es\/index.php\/wp-json\/wp\/v2\/types\/page"}],"author":[{"embeddable":true,"href":"http:\/\/www.creativemouse.es\/index.php\/wp-json\/wp\/v2\/users\/1"}],"replies":[{"embeddable":true,"href":"http:\/\/www.creativemouse.es\/index.php\/wp-json\/wp\/v2\/comments?post=78"}],"version-history":[{"count":2,"href":"http:\/\/www.creativemouse.es\/index.php\/wp-json\/wp\/v2\/pages\/78\/revisions"}],"predecessor-version":[{"id":81,"href":"http:\/\/www.creativemouse.es\/index.php\/wp-json\/wp\/v2\/pages\/78\/revisions\/81"}],"wp:attachment":[{"href":"http:\/\/www.creativemouse.es\/index.php\/wp-json\/wp\/v2\/media?parent=78"}],"curies":[{"name":"wp","href":"https:\/\/api.w.org\/{rel}","templated":true}]}}