{"id":62,"date":"2025-10-17T12:00:34","date_gmt":"2025-10-17T10:00:34","guid":{"rendered":"http:\/\/localhost\/nueva\/?page_id=62"},"modified":"2025-10-17T12:07:05","modified_gmt":"2025-10-17T10:07:05","slug":"curso-gratuito-creacion-web-seo-y-marketing-online-en-madrid","status":"publish","type":"page","link":"http:\/\/www.creativemouse.es\/cursos-madrid\/gratuito-wordpress-seo-creacion-web-marketing-digital\/","title":{"rendered":"Curso gratuito creaci\u00f3n web, SEO y marketing online <span class=\"no\"> en Madrid<\/span>"},"content":{"rendered":"\n<h2 class=\"wp-block-heading\">La formaci\u00f3n m\u00e1s completa en creaci\u00f3n web y marketing online en Madrid.<br>Y gratuita.<\/h2>\n\n\n\n<p><strong>En este curso gratuito y presencial en Madrid aprender\u00e1s<\/strong>&nbsp;en profundidad a crear sitios web profesionales y a darles visibilidad:<\/p>\n\n\n\n<ul class=\"wp-block-list\">\n<li><strong>Creaci\u00f3n web<\/strong>. A trav\u00e9s de WordPress aprender\u00e1s a crear y gestionar un sitio web con todas las funcionalidades que sean necesarias: mapas de Google, formularios de contacto, galer\u00edas de im\u00e1genes, banners,&#8230; Adem\u00e1s, podr\u00e1s enriquecer ese website mediante la inserci\u00f3n y edici\u00f3n de c\u00f3digos HTML y CSS. El conocimiento profundo de estos dos lenguajes te abrir\u00e1 las puertas del mercado laboral.<br><\/li>\n\n\n\n<li><strong>Visibilidad online<\/strong>. Atraer\u00e1s tr\u00e1fico a tu sitio web mediante t\u00e9cnicas de SEO, a trav\u00e9s de las diferentes redes sociales, con el uso de las newsletters o la publicidad online. Podr\u00e1s conocer a tus usuarios con Google Analytics para desarrollar planes de marketing efectivos.<br><\/li>\n\n\n\n<li><strong>Accesibilidad web<\/strong>. Conocer\u00e1s a los usuarios que, por su discapacidad, no pueden acceder adecuadamente a los contenidos de un sitio web y aprender\u00e1s a implementar acciones que permitan corregir esta situaci\u00f3n.<\/li>\n<\/ul>\n\n\n\n<p>Al finalizar esta formaci\u00f3n habr\u00e1s desarrollado un sitio web profesional y habr\u00e1s implementado diferentes acciones de visibilidad online con dos objetivos fundamentales: practicar todos los conceptos del curso y disponer de un escaparate donde mostrar los conocimientos adquiridos.<\/p>\n\n\n\n<h3 class=\"wp-block-heading\">Requisitos<\/h3>\n\n\n\n<p>Persona menor de 30 a\u00f1os o ya estar inscrita en el Sistema de Garant\u00eda Juvenil, desempleada el d\u00eda del inicio del curso y preferiblemente titulaci\u00f3n universitaria o FP.<\/p>\n\n\n\n<h3 class=\"wp-block-heading\">Fechas, horarios y lugar de impartici\u00f3n<\/h3>\n\n\n\n<p><strong>Formaci\u00f3n gratuita. 265 horas presenciales + 4 horas de tutor\u00edas individuales de accesiblidad web y empleabilidad.<\/strong><\/p>\n\n\n\n<p><strong>Fechas<\/strong>: a determinar.<\/p>\n\n\n\n<p><strong>Horario<\/strong>: de 9,30 a 14,30 horas y alguna tarde para tutor\u00edas individuales de empleabilidad y accesibilidad web.<\/p>\n\n\n\n<p><strong>Lugar de impartici\u00f3n<\/strong>: Madrid capital en un lugar muy pr\u00f3ximo a la red de metro y con aparcamiento propio gratuito.<\/p>\n\n\n\n<p>El aula dispone de un ordenador por persona.<\/p>\n\n\n\n<h3 class=\"wp-block-heading\">Inscripciones<\/h3>\n\n\n\n<p>Puedes escribirnos mediante el formulario de contacto de esta p\u00e1gina o a trav\u00e9s del correo electr\u00f3nico\u00a0<a href=\"mailto:info@creativemouse.es\">info@creativemouse.es<\/a>\u00a0para preinscribirte. Nos pondremos en contacto contigo cuando se abra el proceso de inscripci\u00f3n.<\/p>\n\n\n\n<h3 class=\"wp-block-heading\">Profesorado<\/h3>\n\n\n\n<p><strong>Abraham Ruiz<\/strong>, dirige este curso y participar\u00e1 como profesor.<br><br><a href=\"https:\/\/www.linkedin.com\/in\/abrahamruiz\/\" target=\"_blank\" rel=\"noreferrer noopener\"><strong>Ver curr\u00edculum<\/strong><\/a><\/p>\n\n\n\n<p><a href=\"https:\/\/www.linkedin.com\/in\/abrahamruiz\/\" target=\"_blank\" rel=\"noreferrer noopener\">\u201cAbraham ha sido uno de los mejores docentes del M\u00e1ster que realic\u00e9. Imparti\u00f3 varias asignaturas relacionadas con el dise\u00f1o web y el uso de herramientas del paquete Adobe. Es un gran experto en la materia y, lo que es m\u00e1s importante, un mejor docente. Su entusiasmo y pasi\u00f3n por la materia es contagioso y se trasladan a los alumnos y sus clases son amenas y dan resultados.\u00bb<br><strong>Iv\u00e1n Rivas Freire, antiguo alumno de Abraham Ruiz<\/strong><br><br>\u00abMe sorprendi\u00f3 gratamente apuntarme y acudir a un curso de creaci\u00f3n de sitios webs de la oficina de empleo de Madrid y comprobar d\u00eda a d\u00eda que quien nos impart\u00eda la clase era una persona de gran profesionalidad y amplios conocimientos. Desde el primer d\u00eda Abraham despert\u00f3 en m\u00ed un gran entusiasmo provocando que aprendiera en poco tiempo todo lo necesario para poder defenderme en este mundo tan exigente. Me gust\u00f3 mucho&#8230; met\u00f3dico, ordenado, exigente y volcado en el aula y en sus alumnos.\u00bb<br><strong>Pepa L\u00f3pez Olivar, antigua alumna de Abraham Ruiz<\/strong>.<br><br>\u00abAbraham es un gran profesional en todo lo que refiere a la comunicaci\u00f3n, programaci\u00f3n, posicionamiento, estrategia, contenido y, en definitiva, marketing online, lo que le permite como profesor trasladar un conocimiento pr\u00e1ctico, sobre casos reales y completamente actualizado a sus alumnos. Como alumna de Abraham tanto en el M\u00e1ster de Tracor en todo lo referente a programaci\u00f3n HTML, CSS, Responsive, Photoshop&#8230;, como en el curso de SEO, SEM y Publicidad Online de Creative Mouse, puedo decir que sus clases son completamente din\u00e1micas, amenas y abiertas, ya que Abraham te proporciona la visi\u00f3n completamente hilada y en tu mano queda aplicarlo en tu d\u00eda d\u00eda\u00bb.<br><strong>Mercedes Romaniega Pi\u00f1eiro, antigua alumna de Abraham Ruiz<\/strong>.<\/a><\/p>\n\n\n\n<p><a href=\"https:\/\/www.linkedin.com\/in\/abrahamruiz\/\" target=\"_blank\" rel=\"noreferrer noopener\"><strong>Ver m\u00e1s de 200 opiniones de exalumnos &gt;<\/strong><\/a><\/p>\n\n\n\n<h3 class=\"wp-block-heading\">Contenidos<\/h3>\n\n\n\n<ol class=\"wp-block-list\">\n<li>Fundamentos del curso\u00a0(6 horas)\n<ul class=\"wp-block-list\">\n<li>Qu\u00e9 es un servidor. Servidor Apache, int\u00e9rprete de PHP y MySQL. XAMPP.<\/li>\n\n\n\n<li>Protocolos y puertos.<\/li>\n\n\n\n<li>Lenguajes que componen las diferentes p\u00e1ginas de un sitio web. Diferencia entre lenguajes de programaci\u00f3n del lado del cliente y del lado del servidor.<\/li>\n\n\n\n<li>Criterios para la elecci\u00f3n de un dominio.<\/li>\n\n\n\n<li>Hosting. Caracter\u00edsticas y servicios.<\/li>\n\n\n\n<li>Los CMSs. Caracter\u00edsticas y tipos.<\/li>\n<\/ul>\n<\/li>\n\n\n\n<li>WordPress\u00a0(24 horas)\n<ul class=\"wp-block-list\">\n<li>Instalaci\u00f3n y configuraci\u00f3n de WordPress.<\/li>\n\n\n\n<li>Gesti\u00f3n de usuarios y edici\u00f3n de perfiles.<\/li>\n\n\n\n<li>Estructura de los contenidos: p\u00e1ginas, entradas, etiquetas, categor\u00edas&#8230;<\/li>\n\n\n\n<li>Creaci\u00f3n de enlaces.<\/li>\n\n\n\n<li>Uso de plugins.<\/li>\n\n\n\n<li>Inserci\u00f3n de im\u00e1genes y galer\u00edas de im\u00e1genes<\/li>\n\n\n\n<li>Elaboraci\u00f3n de men\u00fas. Navegabilidad del sitio web.<\/li>\n\n\n\n<li>Inserci\u00f3n de formularios de contacto.<\/li>\n\n\n\n<li>Inclusi\u00f3n de v\u00eddeos de Youtube, Vimeo o desde un disco duro en cualquier formato (avi, mov, wmv&#8230;).<\/li>\n\n\n\n<li>Inserci\u00f3n de Google Maps.<\/li>\n\n\n\n<li>Inserci\u00f3n de PDFs y publicaciones electr\u00f3nicas a trav\u00e9s de Issuu.<\/li>\n<\/ul>\n<\/li>\n\n\n\n<li>Lenguaje HTML\u00a0(24 horas)\n<ul class=\"wp-block-list\">\n<li>Sintaxis b\u00e1sica del lenguaje HTML.<\/li>\n\n\n\n<li>Formatos de imagen usados en la web.<\/li>\n\n\n\n<li>Color RGB en la web. Color hexadecimal.<\/li>\n\n\n\n<li>Etiquetas para el formateo de textos, inserci\u00f3n y mapeado de im\u00e1genes, v\u00ednculos, listas, comentarios, tablas e iframes.<\/li>\n\n\n\n<li>Tipos de v\u00ednculo: interno, externo, e-mail y ancla.<\/li>\n\n\n\n<li>HTML 5. Etiquetas sem\u00e1nticas. Elementos multimedia. Elementos de formulario.<\/li>\n\n\n\n<li>Validador del W3C.<\/li>\n\n\n\n<li>Integraci\u00f3n de c\u00f3digos HTML en WordPress.<\/li>\n\n\n\n<li>Modificaci\u00f3n e inserci\u00f3n de HTML en los includes de WordPress.<\/li>\n\n\n\n<li>Edici\u00f3n de sitios web y de c\u00f3digo HTML con Adobe Dreamweaver.<\/li>\n<\/ul>\n<\/li>\n\n\n\n<li>Lenguaje CSS\u00a0(30 horas)\n<ul class=\"wp-block-list\">\n<li>Declaraci\u00f3n y aplicaci\u00f3n de estilos.<\/li>\n\n\n\n<li>Uso del color en CSS.<\/li>\n\n\n\n<li>Utilizaci\u00f3n de la etiqueta span de HTML para la aplicaci\u00f3n de CSS en elementos de la p\u00e1gina que carecen de etiquetado.<\/li>\n\n\n\n<li>Hojas de estilos externas para homogeneizar la maquetaci\u00f3n de todas las p\u00e1ginas de un sitio web.<\/li>\n\n\n\n<li>Propiedades CSS para fondo, texto, fuente, borde, margen, lista y dimensiones (CSS de nivel 1).<\/li>\n\n\n\n<li>Propiedades resumidas<\/li>\n\n\n\n<li>Selectores b\u00e1sicos, m\u00faltiples y otros selectores avanzados.<\/li>\n\n\n\n<li>Aplicaci\u00f3n de estilos CSS en im\u00e1genes, formularios, tablas, v\u00ednculos,&#8230;<\/li>\n\n\n\n<li>Etiqueta div de HTML para la maquetaci\u00f3n con CSS de nivel 2.<\/li>\n\n\n\n<li>Modelo de cajas (box model): Anchura y altura. Margen y relleno. Bordes. Fondos.<\/li>\n\n\n\n<li>Posicionamiento de cajas: normal, relativo, absoluto y fijo.<\/li>\n\n\n\n<li>Propiedades para bordes, fondos, color, texto, interfaz y degradados.<\/li>\n\n\n\n<li>Web fonts.<\/li>\n\n\n\n<li>Animaciones.<\/li>\n\n\n\n<li>Maquetaci\u00f3n l\u00edquida y responsive.<\/li>\n\n\n\n<li>Integraci\u00f3n y modificaci\u00f3n de c\u00f3digos CSS en WordPress.<\/li>\n\n\n\n<li>Edici\u00f3n de sitios web y de c\u00f3digo CSS con Adobe Dreamweaver.<\/li>\n<\/ul>\n<\/li>\n\n\n\n<li>Accesibilidad web\u00a0(18 horas)\n<ul class=\"wp-block-list\">\n<li>Tipos de discapacidad.<\/li>\n\n\n\n<li>El software y hardware de apoyo a personas con discapacidad.<\/li>\n\n\n\n<li>Pautas de Accesibilidad para el Contenido Web, WCAG 2.0.<\/li>\n\n\n\n<li>Legislaci\u00f3n en Espa\u00f1a.<\/li>\n\n\n\n<li>Accesibilidad web para textos, im\u00e1genes, v\u00eddeos, audios, tablas, formularios y captchas.<\/li>\n\n\n\n<li>Navegaci\u00f3n, dise\u00f1o e interacci\u00f3n accesibles.<\/li>\n\n\n\n<li>An\u00e1lisis y evaluaci\u00f3n de la accesibilidad.<\/li>\n<\/ul>\n<\/li>\n\n\n\n<li>Estrategias SEO\u00a0(18 horas)\n<ul class=\"wp-block-list\">\n<li>M\u00e9todo de indexaci\u00f3n de Google.<\/li>\n\n\n\n<li>Herramientas para determinar las palabras clave.<\/li>\n\n\n\n<li>Segmentaci\u00f3n del p\u00fablico objetivo mediante el long tail.<\/li>\n\n\n\n<li>Acciones onpage. El contenido. El \u00e1rbol de navegaci\u00f3n. El dominio y las urls. La metainformaci\u00f3n. Jerarqu\u00eda de los textos.<\/li>\n\n\n\n<li>Posicionamiento de im\u00e1genes. Los v\u00ednculos. La accesibilidad web y el SEO.<\/li>\n\n\n\n<li>Acciones offpage Linkbuilding y linkbaiting. Inserci\u00f3n de contenidos en sitios web externos de referencia. El pagerank, el Domain Authority DA y el Page Authority PA.<\/li>\n\n\n\n<li>T\u00e9cnicas que penalizan o Black Hat. Duplicidad de sitios web. Duplicidad de informaci\u00f3n. Informaci\u00f3n oculta. Keyword stuffing. Diferentes p\u00e1ginas centradas en la misma keyword.<\/li>\n\n\n\n<li>Uso de plug-ins para la mejora del SEO con WordPress.<\/li>\n<\/ul>\n<\/li>\n\n\n\n<li>Google Analytics\u00a0(24 horas)\n<ul class=\"wp-block-list\">\n<li>Estructura y configuraci\u00f3n de Google Analytics.<\/li>\n\n\n\n<li>Uso de filtros.<\/li>\n\n\n\n<li>Configurar y compartir informes.<\/li>\n\n\n\n<li>Informes de audiencia, adquisici\u00f3n y comportamiento.<\/li>\n\n\n\n<li>Paneles y accesos directos.<\/li>\n\n\n\n<li>Medici\u00f3n de campa\u00f1as personalizadas.<\/li>\n\n\n\n<li>Seguimiento de las campa\u00f1as con el Creador de URLs.<\/li>\n\n\n\n<li>Medici\u00f3n de los objetivos del website.<\/li>\n\n\n\n<li>Creaci\u00f3n de planes de medici\u00f3n de audiencias.<\/li>\n\n\n\n<li>Creaci\u00f3n de dimensiones y m\u00e9tricas personalizadas.<\/li>\n\n\n\n<li>Seguimiento de eventos.<\/li>\n\n\n\n<li>An\u00e1lisis de datos por canal y audiencia.<\/li>\n\n\n\n<li>Remarketing din\u00e1mico.<\/li>\n\n\n\n<li>Integraci\u00f3n de Google Analytics en WordPress.<\/li>\n<\/ul>\n<\/li>\n\n\n\n<li>Inbound marketing y redes sociales\u00a0(28 horas)\n<ul class=\"wp-block-list\">\n<li>Desarrollo de una estrategia de adquisici\u00f3n y prestigio de marca basada en la redacci\u00f3n de contenidos de calidad y diferenciados.<\/li>\n\n\n\n<li>Detecci\u00f3n del p\u00fablico objetivo en las redes sociales.<\/li>\n\n\n\n<li>Publicaci\u00f3n de contenidos en las redes sociales m\u00e1s adecuadas.<\/li>\n\n\n\n<li>An\u00e1lisis de las posibilidades de publicaci\u00f3n en las redes sociales: Facebook, Linkedin, Twitter, Instagram,\u2026<\/li>\n\n\n\n<li>Interacci\u00f3n entre el sitio web y las redes sociales.<\/li>\n\n\n\n<li>Integraci\u00f3n de las redes sociales en el sitio web gestionado con WordPress.<\/li>\n<\/ul>\n<\/li>\n\n\n\n<li>Email marketing\u00a0(12 horas)\n<ul class=\"wp-block-list\">\n<li>Desarrollo de una estrategia de e-mail marketing.<\/li>\n\n\n\n<li>Segmentaci\u00f3n de las bases de datos de env\u00edos.<\/li>\n\n\n\n<li>An\u00e1lisis de los resultados de las campa\u00f1as de env\u00edo de newsletters: aperturas, clics, interacci\u00f3n.<\/li>\n\n\n\n<li>An\u00e1lisis de los diferentes gestores de e-mail marketing.<\/li>\n\n\n\n<li>Caracter\u00edsticas de maquetaci\u00f3n de una newsletter para un correcto crossbrowsing en diferentes clientes de correo.<\/li>\n\n\n\n<li>Recomendaciones de uso de HTML y CSS.<\/li>\n\n\n\n<li>Integraci\u00f3n en el website gestionado con WordPress del registro de usuarios para el posterior env\u00edo de newsletters.<\/li>\n\n\n\n<li>Gesti\u00f3n de una campa\u00f1a de newsletters a trav\u00e9s de Mailchimp.<\/li>\n<\/ul>\n<\/li>\n\n\n\n<li>Publicidad online\u00a0(24 horas)\n<ul class=\"wp-block-list\">\n<li>Establecimiento de un target en funci\u00f3n de las preferencias y el comportamiento de los posibles clientes.<\/li>\n\n\n\n<li>Agentes que intervienen en el mercado publicitario on-line.<\/li>\n\n\n\n<li>Formatos publicitarios. Sobremesa y m\u00f3vil.<\/li>\n\n\n\n<li>M\u00e9todos de contrataci\u00f3n de espacios publicitarios: CPM, CPC, CPA y tarifa plana. El CTR.<\/li>\n\n\n\n<li>El remarketing.<\/li>\n\n\n\n<li>Nuevos formatos y tendencias.<\/li>\n\n\n\n<li>SEM de Google Adwords: Subasta de clics, redes de contenido, landing pages, conversiones, tipos y creaci\u00f3n de campa\u00f1as.<\/li>\n\n\n\n<li>Publicidad en Facebook Ads, Instagram y Twitter Ads.<\/li>\n\n\n\n<li>Google Ad Sense. Doubleclick.<\/li>\n<\/ul>\n<\/li>\n\n\n\n<li>Empleabilidad\u00a0(24 horas)\n<ul class=\"wp-block-list\">\n<li>Fomentar la incorporaci\u00f3n de los participantes del curso al mundo laboral.<\/li>\n\n\n\n<li>Revisiones individualizadas de los curr\u00edculos vitaes para mejorar su efectivdad.<\/li>\n\n\n\n<li>Entrenamiento para entrevistas laborales.<\/li>\n\n\n\n<li>Manejo de la red social Linkedin y de otras herramientas online para dar visibilidad al curr\u00edculum.<\/li>\n<\/ul>\n<\/li>\n<\/ol>\n","protected":false},"excerpt":{"rendered":"<p>La formaci\u00f3n m\u00e1s completa en creaci\u00f3n web y marketing online en Madrid.Y gratuita. En este curso gratuito y presencial en Madrid aprender\u00e1s&nbsp;en profundidad a crear sitios web profesionales y a darles visibilidad: Al finalizar esta formaci\u00f3n habr\u00e1s desarrollado un sitio web profesional y habr\u00e1s implementado diferentes acciones de visibilidad online con dos objetivos fundamentales: practicar [&hellip;]<\/p>\n","protected":false},"author":1,"featured_media":0,"parent":0,"menu_order":0,"comment_status":"closed","ping_status":"closed","template":"","meta":{"footnotes":""},"class_list":["post-62","page","type-page","status-publish","hentry","entry"],"yoast_head":"<title>Curso gratuito de creaci\u00f3n web, SEO y marketing online en Madrid. Curso gratuito de creaci\u00f3n web y marketing online en Madrid<\/title>\n<meta name=\"description\" content=\"Curso gratuito de creaci\u00f3n web, SEO y marketing online en Madrid. Curso gratuito de creaci\u00f3n web y marketing online en Madrid\" \/><meta name=\"Curso gratuito de creaci\u00f3n web, SEO y marketing online en Madrid. Curso gratuito de creaci\u00f3n web y marketing online en Madrid\" content=\"Curso gratuito de creaci\u00f3n web, SEO y marketing online en Madrid. Curso gratuito de creaci\u00f3n web y marketing online en Madrid\" \/><meta name=\"title\" content=\"Curso gratuito de creaci\u00f3n web, SEO y marketing online en Madrid. Curso gratuito de creaci\u00f3n web y marketing online en Madrid\" \/><meta name=\"DC.Title\" content=\"Curso gratuito de creaci\u00f3n web, SEO y marketing online en Madrid. Curso gratuito de creaci\u00f3n web y marketing online en Madrid\" \/><meta http-equiv=\"title\" content=\"Curso gratuito de creaci\u00f3n web, SEO y marketing online en Madrid. Curso gratuito de creaci\u00f3n web y marketing online en Madrid\" \/><meta http-equiv=\"description\" content=\"Curso gratuito de creaci\u00f3n web, SEO y marketing online en Madrid. Curso gratuito de creaci\u00f3n web y marketing online en Madrid\" \/><meta http-equiv=\"DC.Description\" content=\"Curso gratuito de creaci\u00f3n web, SEO y marketing online en Madrid. Curso gratuito de creaci\u00f3n web y marketing online en Madrid\" \/><meta name=\"keywords\" content=\"Curso gratuito de creaci\u00f3n web, SEO y marketing online en Madrid. Curso gratuito de creaci\u00f3n web y marketing online en Madrid\" \/><meta http-equiv=\"keywords\" content=\"Curso gratuito de creaci\u00f3n web, SEO y marketing online en Madrid. Curso gratuito de creaci\u00f3n web y marketing online en Madrid\" \/><meta name=\"classification\" content=\"Curso gratuito de creaci\u00f3n web, SEO y marketing online en Madrid. Curso gratuito de creaci\u00f3n web y marketing online en Madrid\" \/>\n<meta name=\"robots\" content=\"index, follow, max-snippet:-1, max-image-preview:large, max-video-preview:-1\" \/>\n<link rel=\"canonical\" href=\"http:\/\/www.creativemouse.es\/cursos-madrid\/gratuito-wordpress-seo-creacion-web-marketing-digital\/\" \/>\n<meta property=\"og:locale\" content=\"es_ES\" \/>\n<meta property=\"og:type\" content=\"article\" \/>\n<meta property=\"og:title\" content=\"Curso presencial gratuito de creaci\u00f3n web, SEO y marketing online en Madrid\" \/>\n<meta property=\"og:description\" content=\"&quot;Aprender es como remar a contracorriente: cuando se deja, se retrocede&quot;\" \/>\n<meta property=\"og:url\" content=\"http:\/\/www.creativemouse.es\/cursos-madrid\/gratuito-wordpress-seo-creacion-web-marketing-digital\/\" \/>\n<meta property=\"og:site_name\" content=\"Creative Mouse\" \/>\n<meta property=\"article:modified_time\" content=\"2025-10-17T10:07:05+00:00\" \/>\n<meta name=\"twitter:card\" content=\"summary_large_image\" \/><meta name=\"summary_large_image\" content=\"summary_large_image\" \/><meta name=\"title\" content=\"summary_large_image\" \/><meta name=\"DC.Title\" content=\"summary_large_image\" \/><meta http-equiv=\"title\" content=\"summary_large_image\" \/><meta http-equiv=\"description\" content=\"summary_large_image\" \/><meta http-equiv=\"DC.Description\" content=\"summary_large_image\" \/><meta name=\"keywords\" content=\"summary_large_image\" \/><meta http-equiv=\"keywords\" content=\"summary_large_image\" \/><meta name=\"classification\" content=\"summary_large_image\" \/>\n<meta name=\"twitter:label1\" content=\"Tiempo de lectura\" \/>\n\t<meta name=\"twitter:data1\" content=\"8 minutos\" \/>\n<script type=\"application\/ld+json\" class=\"yoast-schema-graph\">{\"@context\":\"https:\/\/schema.org\",\"@graph\":[{\"@type\":\"WebPage\",\"@id\":\"http:\/\/www.creativemouse.es\/cursos-madrid\/gratuito-wordpress-seo-creacion-web-marketing-digital\/\",\"url\":\"http:\/\/www.creativemouse.es\/cursos-madrid\/gratuito-wordpress-seo-creacion-web-marketing-digital\/\",\"name\":\"Curso gratuito de creaci\u00f3n web, SEO y marketing online en Madrid. Curso gratuito de creaci\u00f3n web y marketing online en Madrid\",\"isPartOf\":{\"@id\":\"http:\/\/www.creativemouse.es\/#website\"},\"datePublished\":\"2025-10-17T10:00:34+00:00\",\"dateModified\":\"2025-10-17T10:07:05+00:00\",\"description\":\"Curso gratuito de creaci\u00f3n web, SEO y marketing online en Madrid. Curso gratuito de creaci\u00f3n web y marketing online en Madrid\",\"breadcrumb\":{\"@id\":\"http:\/\/www.creativemouse.es\/cursos-madrid\/gratuito-wordpress-seo-creacion-web-marketing-digital\/#breadcrumb\"},\"inLanguage\":\"es\",\"potentialAction\":[{\"@type\":\"ReadAction\",\"target\":[\"http:\/\/www.creativemouse.es\/cursos-madrid\/gratuito-wordpress-seo-creacion-web-marketing-digital\/\"]}]},{\"@type\":\"BreadcrumbList\",\"@id\":\"http:\/\/www.creativemouse.es\/cursos-madrid\/gratuito-wordpress-seo-creacion-web-marketing-digital\/#breadcrumb\",\"itemListElement\":[{\"@type\":\"ListItem\",\"position\":1,\"name\":\"Portada\",\"item\":\"http:\/\/www.creativemouse.es\/\"},{\"@type\":\"ListItem\",\"position\":2,\"name\":\"Curso gratuito creaci\u00f3n web, SEO y marketing online en Madrid\"}]},{\"@type\":\"WebSite\",\"@id\":\"http:\/\/www.creativemouse.es\/#website\",\"url\":\"http:\/\/www.creativemouse.es\/\",\"name\":\"Creative Mouse\",\"description\":\"\",\"potentialAction\":[{\"@type\":\"SearchAction\",\"target\":{\"@type\":\"EntryPoint\",\"urlTemplate\":\"http:\/\/www.creativemouse.es\/?s={search_term_string}\"},\"query-input\":{\"@type\":\"PropertyValueSpecification\",\"valueRequired\":true,\"valueName\":\"search_term_string\"}}],\"inLanguage\":\"es\"}]}<\/script>\n<!-- \/ Yoast SEO plugin. -->","yoast_head_json":{"title":"Curso gratuito de creaci\u00f3n web, SEO y marketing online en Madrid. Curso gratuito de creaci\u00f3n web y marketing online en Madrid","description":"Curso gratuito de creaci\u00f3n web, SEO y marketing online en Madrid. Curso gratuito de creaci\u00f3n web y marketing online en Madrid","robots":{"index":"index","follow":"follow","max-snippet":"max-snippet:-1","max-image-preview":"max-image-preview:large","max-video-preview":"max-video-preview:-1"},"canonical":"http:\/\/www.creativemouse.es\/cursos-madrid\/gratuito-wordpress-seo-creacion-web-marketing-digital\/","og_locale":"es_ES","og_type":"article","og_title":"Curso presencial gratuito de creaci\u00f3n web, SEO y marketing online en Madrid","og_description":"\"Aprender es como remar a contracorriente: cuando se deja, se retrocede\"","og_url":"http:\/\/www.creativemouse.es\/cursos-madrid\/gratuito-wordpress-seo-creacion-web-marketing-digital\/","og_site_name":"Creative Mouse","article_modified_time":"2025-10-17T10:07:05+00:00","twitter_card":"summary_large_image","twitter_misc":{"Tiempo de lectura":"8 minutos"},"schema":{"@context":"https:\/\/schema.org","@graph":[{"@type":"WebPage","@id":"http:\/\/www.creativemouse.es\/cursos-madrid\/gratuito-wordpress-seo-creacion-web-marketing-digital\/","url":"http:\/\/www.creativemouse.es\/cursos-madrid\/gratuito-wordpress-seo-creacion-web-marketing-digital\/","name":"Curso gratuito de creaci\u00f3n web, SEO y marketing online en Madrid. Curso gratuito de creaci\u00f3n web y marketing online en Madrid","isPartOf":{"@id":"http:\/\/www.creativemouse.es\/#website"},"datePublished":"2025-10-17T10:00:34+00:00","dateModified":"2025-10-17T10:07:05+00:00","description":"Curso gratuito de creaci\u00f3n web, SEO y marketing online en Madrid. Curso gratuito de creaci\u00f3n web y marketing online en Madrid","breadcrumb":{"@id":"http:\/\/www.creativemouse.es\/cursos-madrid\/gratuito-wordpress-seo-creacion-web-marketing-digital\/#breadcrumb"},"inLanguage":"es","potentialAction":[{"@type":"ReadAction","target":["http:\/\/www.creativemouse.es\/cursos-madrid\/gratuito-wordpress-seo-creacion-web-marketing-digital\/"]}]},{"@type":"BreadcrumbList","@id":"http:\/\/www.creativemouse.es\/cursos-madrid\/gratuito-wordpress-seo-creacion-web-marketing-digital\/#breadcrumb","itemListElement":[{"@type":"ListItem","position":1,"name":"Portada","item":"http:\/\/www.creativemouse.es\/"},{"@type":"ListItem","position":2,"name":"Curso gratuito creaci\u00f3n web, SEO y marketing online en Madrid"}]},{"@type":"WebSite","@id":"http:\/\/www.creativemouse.es\/#website","url":"http:\/\/www.creativemouse.es\/","name":"Creative Mouse","description":"","potentialAction":[{"@type":"SearchAction","target":{"@type":"EntryPoint","urlTemplate":"http:\/\/www.creativemouse.es\/?s={search_term_string}"},"query-input":{"@type":"PropertyValueSpecification","valueRequired":true,"valueName":"search_term_string"}}],"inLanguage":"es"}]}},"_links":{"self":[{"href":"http:\/\/www.creativemouse.es\/index.php\/wp-json\/wp\/v2\/pages\/62","targetHints":{"allow":["GET"]}}],"collection":[{"href":"http:\/\/www.creativemouse.es\/index.php\/wp-json\/wp\/v2\/pages"}],"about":[{"href":"http:\/\/www.creativemouse.es\/index.php\/wp-json\/wp\/v2\/types\/page"}],"author":[{"embeddable":true,"href":"http:\/\/www.creativemouse.es\/index.php\/wp-json\/wp\/v2\/users\/1"}],"replies":[{"embeddable":true,"href":"http:\/\/www.creativemouse.es\/index.php\/wp-json\/wp\/v2\/comments?post=62"}],"version-history":[{"count":2,"href":"http:\/\/www.creativemouse.es\/index.php\/wp-json\/wp\/v2\/pages\/62\/revisions"}],"predecessor-version":[{"id":65,"href":"http:\/\/www.creativemouse.es\/index.php\/wp-json\/wp\/v2\/pages\/62\/revisions\/65"}],"wp:attachment":[{"href":"http:\/\/www.creativemouse.es\/index.php\/wp-json\/wp\/v2\/media?parent=62"}],"curies":[{"name":"wp","href":"https:\/\/api.w.org\/{rel}","templated":true}]}}