{"id":39,"date":"2025-10-17T11:08:33","date_gmt":"2025-10-17T09:08:33","guid":{"rendered":"http:\/\/localhost\/nueva\/?page_id=39"},"modified":"2025-10-17T11:19:17","modified_gmt":"2025-10-17T09:19:17","slug":"curso-intensivo-de-seo-en-madrid","status":"publish","type":"page","link":"http:\/\/www.creativemouse.es\/cursos-madrid\/posicionamiento-web-seo-intensivo\/","title":{"rendered":"<span class=\"tit-peq\">Curso intensivo de<\/span> SEO <span class=\"no\"> en Madrid<\/span>"},"content":{"rendered":"\n<h2 class=\"wp-block-heading\">Posicionamiento web en buscadores<\/h2>\n\n\n\n<p><strong>Los buscadores como Google<\/strong>&nbsp;muestran los resultados m\u00e1s relevantes en funci\u00f3n de la b\u00fasqueda realizada por el usuario. A lo largo del curso analizaremos el m\u00e9todo de indexaci\u00f3n de Google y comprenderemos los criterios que permiten que una p\u00e1gina web aparezca en los primeros resultados del posicionamiento natural.<\/p>\n\n\n\n<p>Debido a la importancia de las acciones onpage,&nbsp;<strong>practicaremos en clase desde cero con el lenguaje HTML para posicionar textos e im\u00e1genes<\/strong>. Aplicaremos estos c\u00f3digos en un CMS como WordPress.<\/p>\n\n\n\n<p><strong>Y de manera argumentada, con ejemplos pr\u00e1cticos, desmontaremos mitos alrededor de la supuesta importancia o penalizaci\u00f3n de determinadas acciones de posicionamiento web.<\/strong><\/p>\n\n\n\n<h3 class=\"wp-block-heading\">Destinatarios<\/h3>\n\n\n\n<p>Cualquier persona que desee promocionar un sitio web: profesionales del marketing, community managers, periodistas, dise\u00f1adores, programadores, maquetadores, webmasters,&#8230;<\/p>\n\n\n\n<h3 class=\"wp-block-heading\">Requisitos previos<\/h3>\n\n\n\n<p>Para afrontar el curso con garant\u00edas, basta con\u00a0<strong>saber navegar por la web a nivel usuario<\/strong>.<\/p>\n\n\n\n<h3 class=\"wp-block-heading\">Fechas, horarios y precio<\/h3>\n\n\n\n<p>Fechas a determinar.<\/p>\n\n\n\n<p><strong><strong><strong>10 horas &#8211; 125 \u20ac<\/strong><\/strong><\/strong><\/p>\n\n\n\n<p><strong>Bonificable hasta el 100%<\/strong> de su precio para trabajadores por cuenta ajena.<\/p>\n\n\n\n<p>Escribe al profesor del curso de curso&nbsp;intensivo de SEO mediante el formulario de contacto de esta p\u00e1gina o a trav\u00e9s del correo electr\u00f3nico <a href=\"mailto:info@creativemouse.es\">info@creativemouse.es<\/a> para informarte con m\u00e1s detalle.<\/p>\n\n\n\n<p>Si quieres reservar plaza, tienes que rellenar el formulario de contacto de esta p\u00e1gina o enviarnos un correo electr\u00f3nico a <a href=\"mailto:reserva@creativemouse.es\">reserva@creativemouse.es<\/a> indic\u00e1ndonos el nombre del curso. Te contestaremos con la confirmaci\u00f3n de la plaza y los pasos que debes seguir para hacer efectiva la matr\u00edcula.<\/p>\n\n\n\n<p>Creative Mouse se reserva el derecho de cancelar cualquier curso por causas imprevistas. En ese caso avisaremos a los alumnos apuntados y devolveremos el importe abonado.<\/p>\n\n\n\n<h3 class=\"wp-block-heading\">Lugar de impartici\u00f3n<\/h3>\n\n\n\n<iframe src=\"https:\/\/www.google.com\/maps\/embed?pb=!1m14!1m8!1m3!1d7222.582459095085!2d-3.6746933310708854!3d40.437157625920044!3m2!1i1024!2i768!4f13.1!3m3!1m2!1s0xd4228c9a12797b1%3A0x84031d38aaa5da07!2sC.%20del%20Marqu%C3%A9s%20de%20Ahumada%2C%207%2C%20Salamanca%2C%2028028%20Madrid%2C%20Espa%C3%B1a!5e0!3m2!1ses!2sus!4v1760664216784!5m2!1ses!2sus\" width=\"600\" height=\"450\" style=\"border:0;\" allowfullscreen=\"\" loading=\"lazy\" referrerpolicy=\"no-referrer-when-downgrade\"><\/iframe>\n\n\n\n<p><strong>C\/ Marqu\u00e9s de Ahumada, 7<\/strong> de Madrid.<br><strong>Metro<\/strong>: Diego de Le\u00f3n, Cartagena, Avda. Am\u00e9rica y Ventas<\/p>\n\n\n\n<h3 class=\"wp-block-heading\">Profesor<\/h3>\n\n\n\n<p><strong>Abraham Ruiz<\/strong>, profesor de SEO y WordPress en la Asociaci\u00f3n de la Prensa de Madrid y director del curso Marketing online, SEO y creaci\u00f3n web con WordPress en la Escuela de Organizaci\u00f3n Industrial.<br><br><a href=\"https:\/\/www.linkedin.com\/in\/abrahamruiz\/\" target=\"_blank\" rel=\"noreferrer noopener\"><strong>Ver curr\u00edculum<\/strong><\/a><\/p>\n\n\n\n<p><a href=\"https:\/\/www.linkedin.com\/in\/abrahamruiz\/\" target=\"_blank\" rel=\"noreferrer noopener\">\u201cEncontr\u00e9 los cursos que Abraham Ruiz imparte &#8216;googleando&#8217;. Estaba en la primera p\u00e1gina de Google, lo que para el tipo de curso que yo buscaba (Posicionamiento SEO) era una buena garant\u00eda. Una vez que hube realizado el curso con \u00e9l, me qued\u00f3 un inmejorable sabor de boca. Conciso en los contenidos, no defrauda. Va al grano y no se para en interminables horas de teor\u00eda, sino en lo que verdaderamente importa\u00bb.<br><strong>Alba P\u00e9rez Corpas, antigua alumna de Abraham Ruiz<\/strong>.<br><br>\u00abEstuve con Abraham en un curso intensivo de SEO que impart\u00eda y cumpli\u00f3 mis expectativas. Es muy directo y claro a la hora de explicar los temas, poniendo ejemplos pr\u00e1cticos y \u00abtrucos\u00bb en todo momento, lo cual se agradece enormemente. Lo recomiendo para todo aquel que quiera introducirse en el SEO, pues sin duda crea una muy buena base de forma r\u00e1pida sobre la que seguir aprendiendo\u00bb.<br><strong>Miguel Bazaga, antiguo alumno de Abraham Ruiz<\/strong>.<br><br>\u00abMe gustar\u00eda recomendar a Abraham Ruiz como profesor por su actitud, sus conocimientos y conseguir mantener el inter\u00e9s y la atenci\u00f3n de alumnos de varios niveles. Mi experiencia con \u00e9l en un curso intensivo de SEO ha sido fant\u00e1stica. SEO real, sin miedo, sin mitos. Muy recomendable\u00bb.<br><strong>Patricia Torralba, antigua alumna de Abraham Ruiz<\/strong>.<\/a><\/p>\n\n\n\n<p><a href=\"https:\/\/www.linkedin.com\/in\/abrahamruiz\/\" target=\"_blank\" rel=\"noreferrer noopener\"><strong>Ver m\u00e1s de 200 opiniones de exalumnos &gt;<\/strong><\/a><\/p>\n\n\n\n<h3 class=\"wp-block-heading\">Contenidos<\/h3>\n\n\n\n<ol class=\"wp-block-list\">\n<li>Fundamentos del curso.\n<ul class=\"wp-block-list\">\n<li>Qu\u00e9 es un servidor. Sus funciones.<\/li>\n\n\n\n<li>Los lenguajes que componen una p\u00e1gina web.<\/li>\n\n\n\n<li>Los CMSs. Caracter\u00edsticas y tipos.<\/li>\n<\/ul>\n<\/li>\n\n\n\n<li>M\u00e9todo de indexaci\u00f3n de Google\n<ul class=\"wp-block-list\">\n<li>Opciones de b\u00fasqueda de Google.<\/li>\n\n\n\n<li>Procedencia de la informaci\u00f3n que muestra Google en cada resultado de b\u00fasqueda.<\/li>\n\n\n\n<li>Dar a conocer las p\u00e1ginas de nuestro sitio web a los buscadores.<\/li>\n\n\n\n<li>Periodicidad en las visitas de los motores de b\u00fasqueda a las p\u00e1ginas de nuestro sitio web.<\/li>\n\n\n\n<li>N\u00famero de p\u00e1ginas de nuestro sitio web indexadas por los buscadores.<\/li>\n\n\n\n<li>Herramientas para determinar las palabras clave.<\/li>\n\n\n\n<li>Segmentaci\u00f3n del p\u00fablico objetivo mediante el long tail.<\/li>\n<\/ul>\n<\/li>\n\n\n\n<li>Acciones onpage\n<ul class=\"wp-block-list\">\n<li>El contenido.<\/li>\n\n\n\n<li>El \u00e1rbol de navegaci\u00f3n.<\/li>\n\n\n\n<li>El dominio y las urls.<\/li>\n\n\n\n<li>La metainformaci\u00f3n.<\/li>\n\n\n\n<li>Jerarqu\u00eda de los textos.<\/li>\n\n\n\n<li>Textos destacados.<\/li>\n\n\n\n<li>Posicionamiento de im\u00e1genes.<\/li>\n\n\n\n<li>El texto alternativo en las im\u00e1genes.<\/li>\n\n\n\n<li>El mapeado de las im\u00e1genes.<\/li>\n\n\n\n<li>Los pies de foto.<\/li>\n\n\n\n<li>Los v\u00ednculos.<\/li>\n\n\n\n<li>Informaci\u00f3n complementaria de los enlaces.<\/li>\n\n\n\n<li>Nofollow.<\/li>\n\n\n\n<li>Dise\u00f1o orientado a dispositivos m\u00f3viles: smartphones y tablets.<\/li>\n\n\n\n<li>El HTML5, las etiquetas sem\u00e1nticas y el posicionamiento web.<\/li>\n\n\n\n<li>La accesibilidad web y el SEO.<\/li>\n<\/ul>\n<\/li>\n\n\n\n<li>Acciones offpage\n<ul class=\"wp-block-list\">\n<li>Linkbuilding y linkbaiting.<\/li>\n\n\n\n<li>Inserci\u00f3n de contenidos en sitios web externos de referencia: blogs, v\u00eddeos, redes sociales, foros,\u2026<\/li>\n\n\n\n<li>El tiempo de carga de las p\u00e1ginas. Factores onpage y offpage.<\/li>\n\n\n\n<li>El pagerank, el Domain Authority DA y el Page Authority PA.<\/li>\n<\/ul>\n<\/li>\n\n\n\n<li>T\u00e9cnicas que penalizan o Black Hat\n<ul class=\"wp-block-list\">\n<li>Duplicidad de sitios web.<\/li>\n\n\n\n<li>Duplicidad de informaci\u00f3n.<\/li>\n\n\n\n<li>Informaci\u00f3n oculta.<\/li>\n\n\n\n<li>Keyword stuffing. Saturaci\u00f3n de t\u00e9rminos en la misma p\u00e1gina.<\/li>\n\n\n\n<li>Diferentes p\u00e1ginas centradas en la misma keyword<\/li>\n\n\n\n<li>Cloaking. P\u00e1ginas diferentes a robots y usuarios.<\/li>\n\n\n\n<li>Uso de Javascript y Flash.<\/li>\n\n\n\n<li>Iframes.<\/li>\n<\/ul>\n<\/li>\n\n\n\n<li>Otros\n<ul class=\"wp-block-list\">\n<li>No indexaci\u00f3n de contenidos. Robots.txt y etiquetas meta.<\/li>\n\n\n\n<li>El sitemap.<\/li>\n\n\n\n<li>SEO en WordPress y Blogger.<\/li>\n\n\n\n<li>Los rich snippets y los datos estructurados.<\/li>\n\n\n\n<li>Google Analytics.<\/li>\n\n\n\n<li>An\u00e1lisis de las estad\u00edsticas de visitas al sitio web: Comscore, OJD Interactiva y Nielsen Netratings.<\/li>\n<\/ul>\n<\/li>\n<\/ol>\n\n\n\n<h3 class=\"wp-block-heading\">Certificado<\/h3>\n\n\n\n<p>Se entregar\u00e1 un certificado acreditativo el \u00faltimo d\u00eda de curso.<\/p>\n","protected":false},"excerpt":{"rendered":"<p>Posicionamiento web en buscadores Los buscadores como Google&nbsp;muestran los resultados m\u00e1s relevantes en funci\u00f3n de la b\u00fasqueda realizada por el usuario. A lo largo del curso analizaremos el m\u00e9todo de indexaci\u00f3n de Google y comprenderemos los criterios que permiten que una p\u00e1gina web aparezca en los primeros resultados del posicionamiento natural. Debido a la importancia [&hellip;]<\/p>\n","protected":false},"author":1,"featured_media":0,"parent":0,"menu_order":0,"comment_status":"closed","ping_status":"closed","template":"","meta":{"footnotes":""},"class_list":["post-39","page","type-page","status-publish","hentry","entry"],"yoast_head":"<title>Curso de posicionamiento web en Madrid, cursos de posicionamiento web en Madrid, curso de posicionamiento en Madrid, cursos de posicionamiento en Madrid, curso de SEO en Madrid, cursos de SEO en Madrid, curso presencial de posicionamiento web en Madrid, cursos presenciales de posicionamiento web en Madrid, curso presencial de posicionamiento en Madrid, cursos presenciales de posicionamiento en Madrid, curso presencial de SEO en Madrid, cursos presenciales de SEO en Madrid<\/title>\n<meta name=\"description\" content=\"Curso de posicionamiento web en Madrid, cursos de posicionamiento web en Madrid, curso de posicionamiento en Madrid, cursos de posicionamiento en Madrid, curso de SEO en Madrid, cursos de SEO en Madrid, curso presencial de posicionamiento web en Madrid, cursos presenciales de posicionamiento web en Madrid, curso presencial de posicionamiento en Madrid, cursos presenciales de posicionamiento en Madrid, curso presencial de SEO en Madrid, cursos presenciales de SEO en Madrid\" \/><meta name=\"Curso de posicionamiento web en Madrid, cursos de posicionamiento web en Madrid, curso de posicionamiento en Madrid, cursos de posicionamiento en Madrid, curso de SEO en Madrid, cursos de SEO en Madrid, curso presencial de posicionamiento web en Madrid, cursos presenciales de posicionamiento web en Madrid, curso presencial de posicionamiento en Madrid, cursos presenciales de posicionamiento en Madrid, curso presencial de SEO en Madrid, cursos presenciales de SEO en Madrid\" content=\"Curso de posicionamiento web en Madrid, cursos de posicionamiento web en Madrid, curso de posicionamiento en Madrid, cursos de posicionamiento en Madrid, curso de SEO en Madrid, cursos de SEO en Madrid, curso presencial de posicionamiento web en Madrid, cursos presenciales de posicionamiento web en Madrid, curso presencial de posicionamiento en Madrid, cursos presenciales de posicionamiento en Madrid, curso presencial de SEO en Madrid, cursos presenciales de SEO en Madrid\" \/><meta name=\"title\" content=\"Curso de posicionamiento web en Madrid, cursos de posicionamiento web en Madrid, curso de posicionamiento en Madrid, cursos de posicionamiento en Madrid, curso de SEO en Madrid, cursos de SEO en Madrid, curso presencial de posicionamiento web en Madrid, cursos presenciales de posicionamiento web en Madrid, curso presencial de posicionamiento en Madrid, cursos presenciales de posicionamiento en Madrid, curso presencial de SEO en Madrid, cursos presenciales de SEO en Madrid\" \/><meta name=\"DC.Title\" content=\"Curso de posicionamiento web en Madrid, cursos de posicionamiento web en Madrid, curso de posicionamiento en Madrid, cursos de posicionamiento en Madrid, curso de SEO en Madrid, cursos de SEO en Madrid, curso presencial de posicionamiento web en Madrid, cursos presenciales de posicionamiento web en Madrid, curso presencial de posicionamiento en Madrid, cursos presenciales de posicionamiento en Madrid, curso presencial de SEO en Madrid, cursos presenciales de SEO en Madrid\" \/><meta http-equiv=\"title\" content=\"Curso de posicionamiento web en Madrid, cursos de posicionamiento web en Madrid, curso de posicionamiento en Madrid, cursos de posicionamiento en Madrid, curso de SEO en Madrid, cursos de SEO en Madrid, curso presencial de posicionamiento web en Madrid, cursos presenciales de posicionamiento web en Madrid, curso presencial de posicionamiento en Madrid, cursos presenciales de posicionamiento en Madrid, curso presencial de SEO en Madrid, cursos presenciales de SEO en Madrid\" \/><meta http-equiv=\"description\" content=\"Curso de posicionamiento web en Madrid, cursos de posicionamiento web en Madrid, curso de posicionamiento en Madrid, cursos de posicionamiento en Madrid, curso de SEO en Madrid, cursos de SEO en Madrid, curso presencial de posicionamiento web en Madrid, cursos presenciales de posicionamiento web en Madrid, curso presencial de posicionamiento en Madrid, cursos presenciales de posicionamiento en Madrid, curso presencial de SEO en Madrid, cursos presenciales de SEO en Madrid\" \/><meta http-equiv=\"DC.Description\" content=\"Curso de posicionamiento web en Madrid, cursos de posicionamiento web en Madrid, curso de posicionamiento en Madrid, cursos de posicionamiento en Madrid, curso de SEO en Madrid, cursos de SEO en Madrid, curso presencial de posicionamiento web en Madrid, cursos presenciales de posicionamiento web en Madrid, curso presencial de posicionamiento en Madrid, cursos presenciales de posicionamiento en Madrid, curso presencial de SEO en Madrid, cursos presenciales de SEO en Madrid\" \/><meta name=\"keywords\" content=\"Curso de posicionamiento web en Madrid, cursos de posicionamiento web en Madrid, curso de posicionamiento en Madrid, cursos de posicionamiento en Madrid, curso de SEO en Madrid, cursos de SEO en Madrid, curso presencial de posicionamiento web en Madrid, cursos presenciales de posicionamiento web en Madrid, curso presencial de posicionamiento en Madrid, cursos presenciales de posicionamiento en Madrid, curso presencial de SEO en Madrid, cursos presenciales de SEO en Madrid\" \/><meta http-equiv=\"keywords\" content=\"Curso de posicionamiento web en Madrid, cursos de posicionamiento web en Madrid, curso de posicionamiento en Madrid, cursos de posicionamiento en Madrid, curso de SEO en Madrid, cursos de SEO en Madrid, curso presencial de posicionamiento web en Madrid, cursos presenciales de posicionamiento web en Madrid, curso presencial de posicionamiento en Madrid, cursos presenciales de posicionamiento en Madrid, curso presencial de SEO en Madrid, cursos presenciales de SEO en Madrid\" \/><meta name=\"classification\" content=\"Curso de posicionamiento web en Madrid, cursos de posicionamiento web en Madrid, curso de posicionamiento en Madrid, cursos de posicionamiento en Madrid, curso de SEO en Madrid, cursos de SEO en Madrid, curso presencial de posicionamiento web en Madrid, cursos presenciales de posicionamiento web en Madrid, curso presencial de posicionamiento en Madrid, cursos presenciales de posicionamiento en Madrid, curso presencial de SEO en Madrid, cursos presenciales de SEO en Madrid\" \/>\n<meta name=\"robots\" content=\"index, follow, max-snippet:-1, max-image-preview:large, max-video-preview:-1\" \/>\n<link rel=\"canonical\" href=\"http:\/\/www.creativemouse.es\/cursos-madrid\/posicionamiento-web-seo-intensivo\/\" \/>\n<meta property=\"og:locale\" content=\"es_ES\" \/>\n<meta property=\"og:type\" content=\"article\" \/>\n<meta property=\"og:title\" content=\"Curso presencial intensivo de SEO en Madrid\" \/>\n<meta property=\"og:description\" content=\"&quot;Aprender es como remar a contracorriente: cuando se deja, se retrocede&quot;\" \/>\n<meta property=\"og:url\" content=\"http:\/\/www.creativemouse.es\/cursos-madrid\/posicionamiento-web-seo-intensivo\/\" \/>\n<meta property=\"og:site_name\" content=\"Creative Mouse\" \/>\n<meta property=\"article:modified_time\" content=\"2025-10-17T09:19:17+00:00\" \/>\n<meta name=\"twitter:card\" content=\"summary_large_image\" \/><meta name=\"summary_large_image\" content=\"summary_large_image\" \/><meta name=\"title\" content=\"summary_large_image\" \/><meta name=\"DC.Title\" content=\"summary_large_image\" \/><meta http-equiv=\"title\" content=\"summary_large_image\" \/><meta http-equiv=\"description\" content=\"summary_large_image\" \/><meta http-equiv=\"DC.Description\" content=\"summary_large_image\" \/><meta name=\"keywords\" content=\"summary_large_image\" \/><meta http-equiv=\"keywords\" content=\"summary_large_image\" \/><meta name=\"classification\" content=\"summary_large_image\" \/>\n<meta name=\"twitter:label1\" content=\"Tiempo de lectura\" \/>\n\t<meta name=\"twitter:data1\" content=\"4 minutos\" \/>\n<script type=\"application\/ld+json\" class=\"yoast-schema-graph\">{\"@context\":\"https:\/\/schema.org\",\"@graph\":[{\"@type\":\"WebPage\",\"@id\":\"http:\/\/www.creativemouse.es\/cursos-madrid\/posicionamiento-web-seo-intensivo\/\",\"url\":\"http:\/\/www.creativemouse.es\/cursos-madrid\/posicionamiento-web-seo-intensivo\/\",\"name\":\"Curso de posicionamiento web en Madrid, cursos de posicionamiento web en Madrid, curso de posicionamiento en Madrid, cursos de posicionamiento en Madrid, curso de SEO en Madrid, cursos de SEO en Madrid, curso presencial de posicionamiento web en Madrid, cursos presenciales de posicionamiento web en Madrid, curso presencial de posicionamiento en Madrid, cursos presenciales de posicionamiento en Madrid, curso presencial de SEO en Madrid, cursos presenciales de SEO en Madrid\",\"isPartOf\":{\"@id\":\"http:\/\/www.creativemouse.es\/#website\"},\"datePublished\":\"2025-10-17T09:08:33+00:00\",\"dateModified\":\"2025-10-17T09:19:17+00:00\",\"description\":\"Curso de posicionamiento web en Madrid, cursos de posicionamiento web en Madrid, curso de posicionamiento en Madrid, cursos de posicionamiento en Madrid, curso de SEO en Madrid, cursos de SEO en Madrid, curso presencial de posicionamiento web en Madrid, cursos presenciales de posicionamiento web en Madrid, curso presencial de posicionamiento en Madrid, cursos presenciales de posicionamiento en Madrid, curso presencial de SEO en Madrid, cursos presenciales de SEO en Madrid\",\"breadcrumb\":{\"@id\":\"http:\/\/www.creativemouse.es\/cursos-madrid\/posicionamiento-web-seo-intensivo\/#breadcrumb\"},\"inLanguage\":\"es\",\"potentialAction\":[{\"@type\":\"ReadAction\",\"target\":[\"http:\/\/www.creativemouse.es\/cursos-madrid\/posicionamiento-web-seo-intensivo\/\"]}]},{\"@type\":\"BreadcrumbList\",\"@id\":\"http:\/\/www.creativemouse.es\/cursos-madrid\/posicionamiento-web-seo-intensivo\/#breadcrumb\",\"itemListElement\":[{\"@type\":\"ListItem\",\"position\":1,\"name\":\"Portada\",\"item\":\"http:\/\/www.creativemouse.es\/\"},{\"@type\":\"ListItem\",\"position\":2,\"name\":\"Curso intensivo de SEO en Madrid\"}]},{\"@type\":\"WebSite\",\"@id\":\"http:\/\/www.creativemouse.es\/#website\",\"url\":\"http:\/\/www.creativemouse.es\/\",\"name\":\"Creative Mouse\",\"description\":\"\",\"potentialAction\":[{\"@type\":\"SearchAction\",\"target\":{\"@type\":\"EntryPoint\",\"urlTemplate\":\"http:\/\/www.creativemouse.es\/?s={search_term_string}\"},\"query-input\":{\"@type\":\"PropertyValueSpecification\",\"valueRequired\":true,\"valueName\":\"search_term_string\"}}],\"inLanguage\":\"es\"}]}<\/script>\n<!-- \/ Yoast SEO plugin. -->","yoast_head_json":{"title":"Curso de posicionamiento web en Madrid, cursos de posicionamiento web en Madrid, curso de posicionamiento en Madrid, cursos de posicionamiento en Madrid, curso de SEO en Madrid, cursos de SEO en Madrid, curso presencial de posicionamiento web en Madrid, cursos presenciales de posicionamiento web en Madrid, curso presencial de posicionamiento en Madrid, cursos presenciales de posicionamiento en Madrid, curso presencial de SEO en Madrid, cursos presenciales de SEO en Madrid","description":"Curso de posicionamiento web en Madrid, cursos de posicionamiento web en Madrid, curso de posicionamiento en Madrid, cursos de posicionamiento en Madrid, curso de SEO en Madrid, cursos de SEO en Madrid, curso presencial de posicionamiento web en Madrid, cursos presenciales de posicionamiento web en Madrid, curso presencial de posicionamiento en Madrid, cursos presenciales de posicionamiento en Madrid, curso presencial de SEO en Madrid, cursos presenciales de SEO en Madrid","robots":{"index":"index","follow":"follow","max-snippet":"max-snippet:-1","max-image-preview":"max-image-preview:large","max-video-preview":"max-video-preview:-1"},"canonical":"http:\/\/www.creativemouse.es\/cursos-madrid\/posicionamiento-web-seo-intensivo\/","og_locale":"es_ES","og_type":"article","og_title":"Curso presencial intensivo de SEO en Madrid","og_description":"\"Aprender es como remar a contracorriente: cuando se deja, se retrocede\"","og_url":"http:\/\/www.creativemouse.es\/cursos-madrid\/posicionamiento-web-seo-intensivo\/","og_site_name":"Creative Mouse","article_modified_time":"2025-10-17T09:19:17+00:00","twitter_card":"summary_large_image","twitter_misc":{"Tiempo de lectura":"4 minutos"},"schema":{"@context":"https:\/\/schema.org","@graph":[{"@type":"WebPage","@id":"http:\/\/www.creativemouse.es\/cursos-madrid\/posicionamiento-web-seo-intensivo\/","url":"http:\/\/www.creativemouse.es\/cursos-madrid\/posicionamiento-web-seo-intensivo\/","name":"Curso de posicionamiento web en Madrid, cursos de posicionamiento web en Madrid, curso de posicionamiento en Madrid, cursos de posicionamiento en Madrid, curso de SEO en Madrid, cursos de SEO en Madrid, curso presencial de posicionamiento web en Madrid, cursos presenciales de posicionamiento web en Madrid, curso presencial de posicionamiento en Madrid, cursos presenciales de posicionamiento en Madrid, curso presencial de SEO en Madrid, cursos presenciales de SEO en Madrid","isPartOf":{"@id":"http:\/\/www.creativemouse.es\/#website"},"datePublished":"2025-10-17T09:08:33+00:00","dateModified":"2025-10-17T09:19:17+00:00","description":"Curso de posicionamiento web en Madrid, cursos de posicionamiento web en Madrid, curso de posicionamiento en Madrid, cursos de posicionamiento en Madrid, curso de SEO en Madrid, cursos de SEO en Madrid, curso presencial de posicionamiento web en Madrid, cursos presenciales de posicionamiento web en Madrid, curso presencial de posicionamiento en Madrid, cursos presenciales de posicionamiento en Madrid, curso presencial de SEO en Madrid, cursos presenciales de SEO en Madrid","breadcrumb":{"@id":"http:\/\/www.creativemouse.es\/cursos-madrid\/posicionamiento-web-seo-intensivo\/#breadcrumb"},"inLanguage":"es","potentialAction":[{"@type":"ReadAction","target":["http:\/\/www.creativemouse.es\/cursos-madrid\/posicionamiento-web-seo-intensivo\/"]}]},{"@type":"BreadcrumbList","@id":"http:\/\/www.creativemouse.es\/cursos-madrid\/posicionamiento-web-seo-intensivo\/#breadcrumb","itemListElement":[{"@type":"ListItem","position":1,"name":"Portada","item":"http:\/\/www.creativemouse.es\/"},{"@type":"ListItem","position":2,"name":"Curso intensivo de SEO en Madrid"}]},{"@type":"WebSite","@id":"http:\/\/www.creativemouse.es\/#website","url":"http:\/\/www.creativemouse.es\/","name":"Creative Mouse","description":"","potentialAction":[{"@type":"SearchAction","target":{"@type":"EntryPoint","urlTemplate":"http:\/\/www.creativemouse.es\/?s={search_term_string}"},"query-input":{"@type":"PropertyValueSpecification","valueRequired":true,"valueName":"search_term_string"}}],"inLanguage":"es"}]}},"_links":{"self":[{"href":"http:\/\/www.creativemouse.es\/index.php\/wp-json\/wp\/v2\/pages\/39","targetHints":{"allow":["GET"]}}],"collection":[{"href":"http:\/\/www.creativemouse.es\/index.php\/wp-json\/wp\/v2\/pages"}],"about":[{"href":"http:\/\/www.creativemouse.es\/index.php\/wp-json\/wp\/v2\/types\/page"}],"author":[{"embeddable":true,"href":"http:\/\/www.creativemouse.es\/index.php\/wp-json\/wp\/v2\/users\/1"}],"replies":[{"embeddable":true,"href":"http:\/\/www.creativemouse.es\/index.php\/wp-json\/wp\/v2\/comments?post=39"}],"version-history":[{"count":3,"href":"http:\/\/www.creativemouse.es\/index.php\/wp-json\/wp\/v2\/pages\/39\/revisions"}],"predecessor-version":[{"id":47,"href":"http:\/\/www.creativemouse.es\/index.php\/wp-json\/wp\/v2\/pages\/39\/revisions\/47"}],"wp:attachment":[{"href":"http:\/\/www.creativemouse.es\/index.php\/wp-json\/wp\/v2\/media?parent=39"}],"curies":[{"name":"wp","href":"https:\/\/api.w.org\/{rel}","templated":true}]}}