{"id":25,"date":"2025-10-17T09:14:38","date_gmt":"2025-10-17T07:14:38","guid":{"rendered":"http:\/\/localhost\/nueva\/?page_id=25"},"modified":"2025-10-17T09:52:24","modified_gmt":"2025-10-17T07:52:24","slug":"curso-de-introduccion-al-lenguaje-css-en-madrid","status":"publish","type":"page","link":"http:\/\/www.creativemouse.es\/cursos-madrid\/introduccion-css\/","title":{"rendered":"<span class=\"tit-peq\">Curso de introducci\u00f3n al<\/span> lenguaje CSS <span class=\"no\"> en Madrid<\/span>"},"content":{"rendered":"\n<h2 class=\"wp-block-heading\">Personaliza el dise\u00f1o de tus p\u00e1ginas web<\/h2>\n\n\n\n<p>Con este curso podr\u00e1s&nbsp;<strong>personalizar el dise\u00f1o de cualquier p\u00e1gina web<\/strong>&nbsp;creada directamente por ti o a trav\u00e9s de gestores de contenidos como WordPress, Joomla o cualquier otro CMS, incluso Blogger.<\/p>\n\n\n\n<p>CSS es un&nbsp;<strong>lenguaje que proporciona formato a los sitios web<\/strong>. El concepto de formato se refiere a la modificaci\u00f3n del dise\u00f1o. Se encarga de la parte visual de una p\u00e1gina: colores, tipograf\u00edas, im\u00e1genes con funci\u00f3n decorativa, colocaci\u00f3n de cajas (cabecera, men\u00fa, contenido, pie,&#8230;). El W3C, entidad que elabora los est\u00e1ndares de los lenguajes, aconseja separar la estructura e informaci\u00f3n de una p\u00e1gina (HTML) de su presentaci\u00f3n (CSS).<\/p>\n\n\n\n<h3 class=\"wp-block-heading\">Destinatarios<\/h3>\n\n\n\n<p>Si eres&nbsp;<strong>dise\u00f1ador gr\u00e1fico<\/strong>&nbsp;y no te quieres quedar fuera del mercado laboral, debes conocer CSS. Asimismo,&nbsp;<strong>los periodistas, los blogueros o los community managers<\/strong>&nbsp;pueden personalizar el dise\u00f1o de los sitios web que gestionan gracias al uso de este lenguaje.<\/p>\n\n\n\n<h3 class=\"wp-block-heading\">Fechas, horarios y precio<\/h3>\n\n\n\n<p>Fechas a determinar.<\/p>\n\n\n\n<p><strong>10 horas &#8211; 90 \u20ac<\/strong><\/p>\n\n\n\n<p><strong>Bonificable hasta el 100%<\/strong>&nbsp;de su precio&nbsp;para trabajadores por cuenta ajena.<\/p>\n\n\n\n<p>Escribe al profesor del curso de Introducci\u00f3n al lenguaje CSS mediante el formulario de contacto de esta p\u00e1gina o a trav\u00e9s del correo electr\u00f3nico&nbsp;<a href=\"mailto:info@creativemouse.es\">info@creativemouse.es<\/a>&nbsp;para informarte con m\u00e1s detalle.<\/p>\n\n\n\n<p>Si quieres reservar plaza, tienes que rellenar el formulario de contacto de esta p\u00e1gina o enviarnos un correo electr\u00f3nico a <a href=\"mailto:reserva@creativemouse.es\">reserva@creativemouse.es<\/a> indic\u00e1ndonos el nombre del curso. Te contestaremos con la confirmaci\u00f3n de la plaza y los pasos que debes seguir para hacer efectiva la matr\u00edcula.<\/p>\n\n\n\n<p>Creative Mouse se reserva el derecho de cancelar cualquier curso por causas imprevistas. En ese caso avisaremos a los alumnos apuntados y devolveremos el importe abonado.<\/p>\n\n\n\n<h3 class=\"wp-block-heading\">Lugar de impartici\u00f3n<\/h3>\n\n\n\n<iframe src=\"https:\/\/www.google.com\/maps\/embed?pb=!1m14!1m8!1m3!1d7222.582459095085!2d-3.6746933310708854!3d40.437157625920044!3m2!1i1024!2i768!4f13.1!3m3!1m2!1s0xd4228c9a12797b1%3A0x84031d38aaa5da07!2sC.%20del%20Marqu%C3%A9s%20de%20Ahumada%2C%207%2C%20Salamanca%2C%2028028%20Madrid%2C%20Espa%C3%B1a!5e0!3m2!1ses!2sus!4v1760664216784!5m2!1ses!2sus\" width=\"600\" height=\"450\" style=\"border:0;\" allowfullscreen=\"\" loading=\"lazy\" referrerpolicy=\"no-referrer-when-downgrade\"><\/iframe>\n\n\n\n<p><strong>C\/ Marqu\u00e9s de Ahumada, 7<\/strong>&nbsp;de Madrid.<br><strong>Metro<\/strong>: Diego de Le\u00f3n, Cartagena, Avda. Am\u00e9rica y Ventas<\/p>\n\n\n\n<h3 class=\"wp-block-heading\">Profesor<\/h3>\n\n\n\n<p><strong>Abraham Ruiz<\/strong>, profesor de SEO y WordPress en la Asociaci\u00f3n de la Prensa de Madrid y director del curso Marketing online, SEO y creaci\u00f3n web con WordPress en la Escuela de Organizaci\u00f3n Industrial.<br><br><a href=\"https:\/\/www.linkedin.com\/in\/abrahamruiz\/\" target=\"_blank\" rel=\"noreferrer noopener\"><strong>Ver curr\u00edculum<\/strong><\/a><\/p>\n\n\n\n<p><a href=\"https:\/\/www.linkedin.com\/in\/abrahamruiz\/\" target=\"_blank\" rel=\"noreferrer noopener\">\u201cHe sido alumno de Abraham en tres cursos monogr\u00e1ficos (HTML, WordPress y CSS) y he de decir que de todos he salido muy satisfecho. Abraham explica los conceptos con mucha claridad, rapidez y un marcado sentido pr\u00e1ctico; aunque te est\u00e9 dando un monogr\u00e1fico siempre acaba explic\u00e1ndote conceptos complementarios de otras materias para que tu aprendizaje sea lo m\u00e1s completo y coherente posible. Se nota mucho su enorme experiencia como profesional y docente, ya que sus clases son \u00e1giles, amenas, y van siempre a lo m\u00e1s importante de cada tema. Adem\u00e1s, siempre est\u00e1 dispuesto a orientarte y tratar de complacer tus expectativas de aprendizaje en cualquiera de sus cursos. Sin duda lo recomiendo como profesor. Y si no tienes claro por d\u00f3nde empezar tu aprendizaje, tan solo ponte en contacto con \u00e9l\u201d.<br><strong>Javier Bela\u00fande Ausejo, antiguo alumno de Abraham Ruiz.<\/strong><br><br>\u201cAbraham es uno de los mejores profesores que me he encontrado a lo largo de mi vida. Con \u00e9l aprend\u00ed la utilizaci\u00f3n de algunos programas de Adobe que pens\u00e9 que eran imposibles y lenguajes como HTML Y CSS. Me ayud\u00f3 a encaminar mi futuro profesional hacia esta orientaci\u00f3n que a d\u00eda de hoy me encanta y que sin \u00e9l no hubiese descubierto. Gracias a su entusiasmo, sus clases din\u00e1micas y a haber sido un profesor duro y comprensivo aprend\u00ed m\u00e1s de lo que jam\u00e1s hubiese pensado que se pod\u00eda aprender. S\u00f3lo puedo darle las gracias por ser tan buen profesor y tan buen profesional. Lo recomiendo a cualquier centro educativo y a los alumnos a asistir a sus clases porque merece la pena contar con \u00e9l\u201d.<br><strong>Ester Hernando, antigua alumna de Abraham Ruiz.<\/strong><br><br>\u201cAbraham es un gran profesional, un excelente docente y mejor persona. Como profesor de la asignatura programaci\u00f3n y dise\u00f1o web en el M\u00e1ster de Comunicaci\u00f3n Multimedia en Tracor &#8211; CEU consigui\u00f3 mantener el interer\u00e9s en cada una de sus clases, trabajos y proyectos.<br>Destacar, adem\u00e1s, que en el trato personal es un 10, algo dif\u00edcil de encontrar entre el personal docente, pero clave en el aprendizaje de los alumnos. Una suerte haber sido alumno suyo en asignaturas claves como las que \u00e9l impart\u00eda y que actualmente me ayudan bastante en mi trabajo\u201d.<br><strong>Miguel Garc\u00eda Fresneda, antiguo alumno de Abraham Ruiz.<\/strong><\/a><\/p>\n\n\n\n<p><a href=\"https:\/\/www.linkedin.com\/in\/abrahamruiz\/\" target=\"_blank\" rel=\"noreferrer noopener\"><strong>Ver m\u00e1s de 200 opiniones de exalumnos ><\/strong><\/a><\/p>\n\n\n\n<h3 class=\"wp-block-heading\">Contenidos<\/h3>\n\n\n\n<ol class=\"wp-block-list\">\n<li>CSS.\n<ul class=\"wp-block-list\">\n<li>Declaraci\u00f3n y aplicaci\u00f3n de estilos (redefinici\u00f3n de etiqueta, id, clase y estilo en l\u00ednea).<\/li>\n\n\n\n<li>Comentarios en CSS.<\/li>\n\n\n\n<li>C\u00f3digos hexadecimales resumidos en CSS.<\/li>\n\n\n\n<li>Utilizaci\u00f3n de la etiqueta span de HTML para la aplicaci\u00f3n de CSS en elementos de la p\u00e1gina que carecen de etiquetado.<\/li>\n\n\n\n<li>Hojas de estilos externas para homogeneizar la maquetaci\u00f3n de todas las p\u00e1ginas de un sitio web.<\/li>\n\n\n\n<li>Propiedades CSS para fondo, texto, fuente, borde, margen, lista y dimensiones (CSS de nivel 1).<\/li>\n\n\n\n<li>Pseudo-clases de v\u00ednculo, propiedades resumidas y selectores m\u00faltiples.<\/li>\n\n\n\n<li>Aplicaci\u00f3n de estilos CSS en im\u00e1genes, formularios, tablas, v\u00ednculos,&#8230;<\/li>\n\n\n\n<li>Selectores descendentes.<\/li>\n\n\n\n<li>Etiqueta div de HTML para la maquetaci\u00f3n con CSS de nivel 2.<\/li>\n\n\n\n<li>Modelo de cajas (box model): Anchura y altura. Margen y relleno. Bordes. Fondos.<\/li>\n\n\n\n<li>Posicionamiento de cajas: normal, relativo, absoluto y fijo.<\/li>\n<\/ul>\n<\/li>\n\n\n\n<li>CSS 3.\n<ul class=\"wp-block-list\">\n<li>Propiedades para bordes, fondos, color, texto, interfaz y degradados.<\/li>\n\n\n\n<li>Web fonts.<\/li>\n\n\n\n<li>Animaciones.<\/li>\n\n\n\n<li>Selectores de atributos.<\/li>\n\n\n\n<li>Selectores adyacentes y selectores de hermanos.<\/li>\n\n\n\n<li>Sintaxis de pseudo-elementos.<\/li>\n\n\n\n<li>Pseudo-clases estructurales y otras.<\/li>\n<\/ul>\n<\/li>\n<\/ol>\n\n\n\n<h3 class=\"wp-block-heading\">Requisitos previos<\/h3>\n\n\n\n<p>Para afrontar el curso con garant\u00edas es&nbsp;<strong>recomendable poseer conocimientos de HTML<\/strong>. El lenguaje CSS define la presentaci\u00f3n de una p\u00e1gina web, referenciando a etiquetas HTML.<\/p>\n\n\n\n<h3 class=\"wp-block-heading\">Certificado<\/h3>\n\n\n\n<p>Se entregar\u00e1 un certificado acreditativo el \u00faltimo d\u00eda de curso.<\/p>\n","protected":false},"excerpt":{"rendered":"<p>Personaliza el dise\u00f1o de tus p\u00e1ginas web Con este curso podr\u00e1s&nbsp;personalizar el dise\u00f1o de cualquier p\u00e1gina web&nbsp;creada directamente por ti o a trav\u00e9s de gestores de contenidos como WordPress, Joomla o cualquier otro CMS, incluso Blogger. CSS es un&nbsp;lenguaje que proporciona formato a los sitios web. El concepto de formato se refiere a la modificaci\u00f3n [&hellip;]<\/p>\n","protected":false},"author":1,"featured_media":0,"parent":0,"menu_order":0,"comment_status":"closed","ping_status":"closed","template":"","meta":{"footnotes":""},"class_list":["post-25","page","type-page","status-publish","hentry","entry"],"yoast_head":"<title>Curso de CSS en Madrid, Curso presencial de CSS en Madrid, Curso de CSS3 en Madrid, Curso presencial de CSS3 en Madrid, Curso de hojas de estilos en Madrid, Curso de modificaci\u00f3n de plantillas de Wordpress en Madrid<\/title>\n<meta name=\"description\" content=\"Curso de CSS en Madrid, Curso presencial de CSS en Madrid, Curso de CSS3 en Madrid, Curso presencial de CSS3 en Madrid, Curso de hojas de estilos en Madrid, Curso de modificaci\u00f3n de plantillas de Wordpress en Madrid\" \/><meta name=\"Curso de CSS en Madrid, Curso presencial de CSS en Madrid, Curso de CSS3 en Madrid, Curso presencial de CSS3 en Madrid, Curso de hojas de estilos en Madrid, Curso de modificaci\u00f3n de plantillas de Wordpress en Madrid\" content=\"Curso de CSS en Madrid, Curso presencial de CSS en Madrid, Curso de CSS3 en Madrid, Curso presencial de CSS3 en Madrid, Curso de hojas de estilos en Madrid, Curso de modificaci\u00f3n de plantillas de Wordpress en Madrid\" \/><meta name=\"title\" content=\"Curso de CSS en Madrid, Curso presencial de CSS en Madrid, Curso de CSS3 en Madrid, Curso presencial de CSS3 en Madrid, Curso de hojas de estilos en Madrid, Curso de modificaci\u00f3n de plantillas de Wordpress en Madrid\" \/><meta name=\"DC.Title\" content=\"Curso de CSS en Madrid, Curso presencial de CSS en Madrid, Curso de CSS3 en Madrid, Curso presencial de CSS3 en Madrid, Curso de hojas de estilos en Madrid, Curso de modificaci\u00f3n de plantillas de Wordpress en Madrid\" \/><meta http-equiv=\"title\" content=\"Curso de CSS en Madrid, Curso presencial de CSS en Madrid, Curso de CSS3 en Madrid, Curso presencial de CSS3 en Madrid, Curso de hojas de estilos en Madrid, Curso de modificaci\u00f3n de plantillas de Wordpress en Madrid\" \/><meta http-equiv=\"description\" content=\"Curso de CSS en Madrid, Curso presencial de CSS en Madrid, Curso de CSS3 en Madrid, Curso presencial de CSS3 en Madrid, Curso de hojas de estilos en Madrid, Curso de modificaci\u00f3n de plantillas de Wordpress en Madrid\" \/><meta http-equiv=\"DC.Description\" content=\"Curso de CSS en Madrid, Curso presencial de CSS en Madrid, Curso de CSS3 en Madrid, Curso presencial de CSS3 en Madrid, Curso de hojas de estilos en Madrid, Curso de modificaci\u00f3n de plantillas de Wordpress en Madrid\" \/><meta name=\"keywords\" content=\"Curso de CSS en Madrid, Curso presencial de CSS en Madrid, Curso de CSS3 en Madrid, Curso presencial de CSS3 en Madrid, Curso de hojas de estilos en Madrid, Curso de modificaci\u00f3n de plantillas de Wordpress en Madrid\" \/><meta http-equiv=\"keywords\" content=\"Curso de CSS en Madrid, Curso presencial de CSS en Madrid, Curso de CSS3 en Madrid, Curso presencial de CSS3 en Madrid, Curso de hojas de estilos en Madrid, Curso de modificaci\u00f3n de plantillas de Wordpress en Madrid\" \/><meta name=\"classification\" content=\"Curso de CSS en Madrid, Curso presencial de CSS en Madrid, Curso de CSS3 en Madrid, Curso presencial de CSS3 en Madrid, Curso de hojas de estilos en Madrid, Curso de modificaci\u00f3n de plantillas de Wordpress en Madrid\" \/>\n<meta name=\"robots\" content=\"index, follow, max-snippet:-1, max-image-preview:large, max-video-preview:-1\" \/>\n<link rel=\"canonical\" href=\"http:\/\/www.creativemouse.es\/cursos-madrid\/introduccion-css\/\" \/>\n<meta property=\"og:locale\" content=\"es_ES\" \/>\n<meta property=\"og:type\" content=\"article\" \/>\n<meta property=\"og:title\" content=\"Curso presencial de Introducci\u00f3n al lenguaje CSS en Madrid\" \/>\n<meta property=\"og:description\" content=\"&quot;Aprender es como remar a contracorriente: cuando se deja, se retrocede&quot;\" \/>\n<meta property=\"og:url\" content=\"http:\/\/www.creativemouse.es\/cursos-madrid\/introduccion-css\/\" \/>\n<meta property=\"og:site_name\" content=\"Creative Mouse\" \/>\n<meta property=\"article:modified_time\" content=\"2025-10-17T07:52:24+00:00\" \/>\n<meta name=\"twitter:card\" content=\"summary_large_image\" \/><meta name=\"summary_large_image\" content=\"summary_large_image\" \/><meta name=\"title\" content=\"summary_large_image\" \/><meta name=\"DC.Title\" content=\"summary_large_image\" \/><meta http-equiv=\"title\" content=\"summary_large_image\" \/><meta http-equiv=\"description\" content=\"summary_large_image\" \/><meta http-equiv=\"DC.Description\" content=\"summary_large_image\" \/><meta name=\"keywords\" content=\"summary_large_image\" \/><meta http-equiv=\"keywords\" content=\"summary_large_image\" \/><meta name=\"classification\" content=\"summary_large_image\" \/>\n<meta name=\"twitter:label1\" content=\"Tiempo de lectura\" \/>\n\t<meta name=\"twitter:data1\" content=\"5 minutos\" \/>\n<script type=\"application\/ld+json\" class=\"yoast-schema-graph\">{\"@context\":\"https:\/\/schema.org\",\"@graph\":[{\"@type\":\"WebPage\",\"@id\":\"http:\/\/www.creativemouse.es\/cursos-madrid\/introduccion-css\/\",\"url\":\"http:\/\/www.creativemouse.es\/cursos-madrid\/introduccion-css\/\",\"name\":\"Curso de CSS en Madrid, Curso presencial de CSS en Madrid, Curso de CSS3 en Madrid, Curso presencial de CSS3 en Madrid, Curso de hojas de estilos en Madrid, Curso de modificaci\u00f3n de plantillas de Wordpress en Madrid\",\"isPartOf\":{\"@id\":\"http:\/\/www.creativemouse.es\/#website\"},\"datePublished\":\"2025-10-17T07:14:38+00:00\",\"dateModified\":\"2025-10-17T07:52:24+00:00\",\"description\":\"Curso de CSS en Madrid, Curso presencial de CSS en Madrid, Curso de CSS3 en Madrid, Curso presencial de CSS3 en Madrid, Curso de hojas de estilos en Madrid, Curso de modificaci\u00f3n de plantillas de Wordpress en Madrid\",\"breadcrumb\":{\"@id\":\"http:\/\/www.creativemouse.es\/cursos-madrid\/introduccion-css\/#breadcrumb\"},\"inLanguage\":\"es\",\"potentialAction\":[{\"@type\":\"ReadAction\",\"target\":[\"http:\/\/www.creativemouse.es\/cursos-madrid\/introduccion-css\/\"]}]},{\"@type\":\"BreadcrumbList\",\"@id\":\"http:\/\/www.creativemouse.es\/cursos-madrid\/introduccion-css\/#breadcrumb\",\"itemListElement\":[{\"@type\":\"ListItem\",\"position\":1,\"name\":\"Portada\",\"item\":\"http:\/\/www.creativemouse.es\/\"},{\"@type\":\"ListItem\",\"position\":2,\"name\":\"Curso de introducci\u00f3n al lenguaje CSS en Madrid\"}]},{\"@type\":\"WebSite\",\"@id\":\"http:\/\/www.creativemouse.es\/#website\",\"url\":\"http:\/\/www.creativemouse.es\/\",\"name\":\"Creative Mouse\",\"description\":\"\",\"potentialAction\":[{\"@type\":\"SearchAction\",\"target\":{\"@type\":\"EntryPoint\",\"urlTemplate\":\"http:\/\/www.creativemouse.es\/?s={search_term_string}\"},\"query-input\":{\"@type\":\"PropertyValueSpecification\",\"valueRequired\":true,\"valueName\":\"search_term_string\"}}],\"inLanguage\":\"es\"}]}<\/script>\n<!-- \/ Yoast SEO plugin. -->","yoast_head_json":{"title":"Curso de CSS en Madrid, Curso presencial de CSS en Madrid, Curso de CSS3 en Madrid, Curso presencial de CSS3 en Madrid, Curso de hojas de estilos en Madrid, Curso de modificaci\u00f3n de plantillas de Wordpress en Madrid","description":"Curso de CSS en Madrid, Curso presencial de CSS en Madrid, Curso de CSS3 en Madrid, Curso presencial de CSS3 en Madrid, Curso de hojas de estilos en Madrid, Curso de modificaci\u00f3n de plantillas de Wordpress en Madrid","robots":{"index":"index","follow":"follow","max-snippet":"max-snippet:-1","max-image-preview":"max-image-preview:large","max-video-preview":"max-video-preview:-1"},"canonical":"http:\/\/www.creativemouse.es\/cursos-madrid\/introduccion-css\/","og_locale":"es_ES","og_type":"article","og_title":"Curso presencial de Introducci\u00f3n al lenguaje CSS en Madrid","og_description":"\"Aprender es como remar a contracorriente: cuando se deja, se retrocede\"","og_url":"http:\/\/www.creativemouse.es\/cursos-madrid\/introduccion-css\/","og_site_name":"Creative Mouse","article_modified_time":"2025-10-17T07:52:24+00:00","twitter_card":"summary_large_image","twitter_misc":{"Tiempo de lectura":"5 minutos"},"schema":{"@context":"https:\/\/schema.org","@graph":[{"@type":"WebPage","@id":"http:\/\/www.creativemouse.es\/cursos-madrid\/introduccion-css\/","url":"http:\/\/www.creativemouse.es\/cursos-madrid\/introduccion-css\/","name":"Curso de CSS en Madrid, Curso presencial de CSS en Madrid, Curso de CSS3 en Madrid, Curso presencial de CSS3 en Madrid, Curso de hojas de estilos en Madrid, Curso de modificaci\u00f3n de plantillas de Wordpress en Madrid","isPartOf":{"@id":"http:\/\/www.creativemouse.es\/#website"},"datePublished":"2025-10-17T07:14:38+00:00","dateModified":"2025-10-17T07:52:24+00:00","description":"Curso de CSS en Madrid, Curso presencial de CSS en Madrid, Curso de CSS3 en Madrid, Curso presencial de CSS3 en Madrid, Curso de hojas de estilos en Madrid, Curso de modificaci\u00f3n de plantillas de Wordpress en Madrid","breadcrumb":{"@id":"http:\/\/www.creativemouse.es\/cursos-madrid\/introduccion-css\/#breadcrumb"},"inLanguage":"es","potentialAction":[{"@type":"ReadAction","target":["http:\/\/www.creativemouse.es\/cursos-madrid\/introduccion-css\/"]}]},{"@type":"BreadcrumbList","@id":"http:\/\/www.creativemouse.es\/cursos-madrid\/introduccion-css\/#breadcrumb","itemListElement":[{"@type":"ListItem","position":1,"name":"Portada","item":"http:\/\/www.creativemouse.es\/"},{"@type":"ListItem","position":2,"name":"Curso de introducci\u00f3n al lenguaje CSS en Madrid"}]},{"@type":"WebSite","@id":"http:\/\/www.creativemouse.es\/#website","url":"http:\/\/www.creativemouse.es\/","name":"Creative Mouse","description":"","potentialAction":[{"@type":"SearchAction","target":{"@type":"EntryPoint","urlTemplate":"http:\/\/www.creativemouse.es\/?s={search_term_string}"},"query-input":{"@type":"PropertyValueSpecification","valueRequired":true,"valueName":"search_term_string"}}],"inLanguage":"es"}]}},"_links":{"self":[{"href":"http:\/\/www.creativemouse.es\/index.php\/wp-json\/wp\/v2\/pages\/25","targetHints":{"allow":["GET"]}}],"collection":[{"href":"http:\/\/www.creativemouse.es\/index.php\/wp-json\/wp\/v2\/pages"}],"about":[{"href":"http:\/\/www.creativemouse.es\/index.php\/wp-json\/wp\/v2\/types\/page"}],"author":[{"embeddable":true,"href":"http:\/\/www.creativemouse.es\/index.php\/wp-json\/wp\/v2\/users\/1"}],"replies":[{"embeddable":true,"href":"http:\/\/www.creativemouse.es\/index.php\/wp-json\/wp\/v2\/comments?post=25"}],"version-history":[{"count":4,"href":"http:\/\/www.creativemouse.es\/index.php\/wp-json\/wp\/v2\/pages\/25\/revisions"}],"predecessor-version":[{"id":33,"href":"http:\/\/www.creativemouse.es\/index.php\/wp-json\/wp\/v2\/pages\/25\/revisions\/33"}],"wp:attachment":[{"href":"http:\/\/www.creativemouse.es\/index.php\/wp-json\/wp\/v2\/media?parent=25"}],"curies":[{"name":"wp","href":"https:\/\/api.w.org\/{rel}","templated":true}]}}